{"id":666,"date":"2024-09-23T10:23:44","date_gmt":"2024-09-23T10:23:44","guid":{"rendered":"https:\/\/www.redmoonhealth.com\/?page_id=666"},"modified":"2024-10-24T11:27:20","modified_gmt":"2024-10-24T11:27:20","slug":"sakal-ve-biyik-ekimi","status":"publish","type":"page","link":"https:\/\/www.redmoonhealth.com\/en\/beard-and-mustache-transplantation\/","title":{"rendered":"Beard and Mustache Transplantation"},"content":{"rendered":"<div data-elementor-type=\"wp-page\" data-elementor-id=\"666\" class=\"elementor elementor-666\" data-elementor-post-type=\"page\">\n\t\t\t\t<div class=\"elementor-element elementor-element-d3e3fb5 e-flex e-con-boxed elementor-invisible e-con e-parent\" data-id=\"d3e3fb5\" data-element_type=\"container\" data-settings=\"{&quot;background_background&quot;:&quot;classic&quot;,&quot;animation&quot;:&quot;fadeIn&quot;}\">\n\t\t\t\t\t<div class=\"e-con-inner\">\n\t\t<div class=\"elementor-element elementor-element-808a218 e-con-full e-flex e-con e-child\" data-id=\"808a218\" data-element_type=\"container\">\n\t\t\t\t<div class=\"elementor-element elementor-element-ae44b7f elementor-invisible elementor-widget elementor-widget-heading\" data-id=\"ae44b7f\" data-element_type=\"widget\" data-settings=\"{&quot;_animation&quot;:&quot;fadeInDown&quot;}\" data-widget_type=\"heading.default\">\n\t\t\t\t<div class=\"elementor-widget-container\">\n\t\t\t<h1 class=\"elementor-heading-title elementor-size-default\">Beard and Mustache Transplantation<\/h1>\t\t<\/div>\n\t\t\t\t<\/div>\n\t\t\t\t<div class=\"elementor-element elementor-element-5b14a2e elementor-invisible elementor-widget elementor-widget-text-editor\" data-id=\"5b14a2e\" data-element_type=\"widget\" data-settings=\"{&quot;_animation&quot;:&quot;fadeInUp&quot;}\" data-widget_type=\"text-editor.default\">\n\t\t\t\t<div class=\"elementor-widget-container\">\n\t\t\t\t\t\t\t<p>Red Moon Klinik olarak, y\u00fcz hatlar\u0131n\u0131za en uygun, tarz\u0131n\u0131z\u0131 yans\u0131tan sakal ve b\u0131y\u0131k g\u00f6r\u00fcn\u00fcm\u00fcn\u00fc sizlere sunuyoruz!<\/p>\t\t\t\t\t\t<\/div>\n\t\t\t\t<\/div>\n\t\t\t\t<\/div>\n\t\t\t\t\t<\/div>\n\t\t\t\t<\/div>\n\t\t<div class=\"elementor-element elementor-element-8b38f21 e-flex e-con-boxed e-con e-parent\" data-id=\"8b38f21\" data-element_type=\"container\">\n\t\t\t\t\t<div class=\"e-con-inner\">\n\t\t<div class=\"elementor-element elementor-element-d48ae6a e-flex e-con-boxed e-con e-child\" data-id=\"d48ae6a\" data-element_type=\"container\">\n\t\t\t\t\t<div class=\"e-con-inner\">\n\t\t<div class=\"elementor-element elementor-element-5ffdf20 e-flex e-con-boxed e-con e-child\" data-id=\"5ffdf20\" data-element_type=\"container\" data-settings=\"{&quot;background_background&quot;:&quot;classic&quot;}\">\n\t\t\t\t\t<div class=\"e-con-inner\">\n\t\t\t\t<div class=\"elementor-element elementor-element-6953fb5 elementor-widget elementor-widget-spacer\" data-id=\"6953fb5\" data-element_type=\"widget\" data-widget_type=\"spacer.default\">\n\t\t\t\t<div class=\"elementor-widget-container\">\n\t\t\t\t\t<div class=\"elementor-spacer\">\n\t\t\t<div class=\"elementor-spacer-inner\"><\/div>\n\t\t<\/div>\n\t\t\t\t<\/div>\n\t\t\t\t<\/div>\n\t\t\t\t\t<\/div>\n\t\t\t\t<\/div>\n\t\t<div class=\"elementor-element elementor-element-48ed158 e-flex e-con-boxed e-con e-child\" data-id=\"48ed158\" data-element_type=\"container\">\n\t\t\t\t\t<div class=\"e-con-inner\">\n\t\t\t\t<div class=\"elementor-element elementor-element-3ea1527 elementor-invisible elementor-widget elementor-widget-heading\" data-id=\"3ea1527\" data-element_type=\"widget\" data-settings=\"{&quot;_animation&quot;:&quot;fadeInUp&quot;}\" data-widget_type=\"heading.default\">\n\t\t\t\t<div class=\"elementor-widget-container\">\n\t\t\t<h2 class=\"elementor-heading-title elementor-size-default\">Sakal B\u0131y\u0131k Ekimi Hizmeti<\/h2>\t\t<\/div>\n\t\t\t\t<\/div>\n\t\t\t\t<div class=\"elementor-element elementor-element-a5cc3d2 elementor-invisible elementor-widget elementor-widget-text-editor\" data-id=\"a5cc3d2\" data-element_type=\"widget\" data-settings=\"{&quot;_animation&quot;:&quot;fadeInUp&quot;}\" data-widget_type=\"text-editor.default\">\n\t\t\t\t<div class=\"elementor-widget-container\">\n\t\t\t\t\t\t\t<p>Red Moon Klinik\u2019te sakal ve b\u0131y\u0131k ekimi, y\u00fcz\u00fcn\u00fczde do\u011fal ve dolgun bir g\u00f6r\u00fcn\u00fcm elde etmeniz i\u00e7in uzman kadromuz taraf\u0131ndan titizlikle yap\u0131l\u0131r. Seyrek veya bo\u015f kalan sakal ve b\u0131y\u0131k b\u00f6lgeleri i\u00e7in etkili bir \u00e7\u00f6z\u00fcm sunuyoruz. Don\u00f6r b\u00f6lgeden al\u0131nan sa\u011fl\u0131kl\u0131 sa\u00e7 k\u00f6kleri, y\u00fcz hatlar\u0131n\u0131za uygun \u015fekilde ekilerek kal\u0131c\u0131 ve do\u011fal sonu\u00e7lar sa\u011flar. Y\u00fcz\u00fcn\u00fczde istedi\u011finiz \u015fekli ve dolgunlu\u011fu sa\u011flamak i\u00e7in ki\u015fiye \u00f6zel planlama yap\u0131yoruz.<\/p><p>Red Moon Klinik olarak, sakal ve b\u0131y\u0131k ekiminde en y\u00fcksek kaliteyi ve memnuniyeti hedefliyoruz. Sa\u011fl\u0131kl\u0131 ve estetik bir g\u00f6r\u00fcn\u00fcm i\u00e7in bizimle ileti\u015fime ge\u00e7in!<\/p>\t\t\t\t\t\t<\/div>\n\t\t\t\t<\/div>\n\t\t\t\t\t<\/div>\n\t\t\t\t<\/div>\n\t\t\t\t\t<\/div>\n\t\t\t\t<\/div>\n\t\t\t\t\t<\/div>\n\t\t\t\t<\/div>\n\t\t<div class=\"elementor-element elementor-element-225b9ff4 e-flex e-con-boxed e-con e-parent\" data-id=\"225b9ff4\" data-element_type=\"container\">\n\t\t\t\t\t<div class=\"e-con-inner\">\n\t\t<div class=\"elementor-element elementor-element-41c5d05d e-con-full e-flex e-con e-child\" data-id=\"41c5d05d\" data-element_type=\"container\">\n\t\t\t\t<div class=\"elementor-element elementor-element-12f5fcc7 elementor-invisible elementor-widget elementor-widget-heading\" data-id=\"12f5fcc7\" data-element_type=\"widget\" data-settings=\"{&quot;_animation&quot;:&quot;fadeInUp&quot;}\" data-widget_type=\"heading.default\">\n\t\t\t\t<div class=\"elementor-widget-container\">\n\t\t\t<h6 class=\"elementor-heading-title elementor-size-default\">FAQ<\/h6>\t\t<\/div>\n\t\t\t\t<\/div>\n\t\t\t\t<div class=\"elementor-element elementor-element-4629a38d elementor-invisible elementor-widget elementor-widget-heading\" data-id=\"4629a38d\" data-element_type=\"widget\" data-settings=\"{&quot;_animation&quot;:&quot;fadeInUp&quot;}\" data-widget_type=\"heading.default\">\n\t\t\t\t<div class=\"elementor-widget-container\">\n\t\t\t<h2 class=\"elementor-heading-title elementor-size-default\">Frequently Asked Questions<\/h2>\t\t<\/div>\n\t\t\t\t<\/div>\n\t\t\t\t<div class=\"elementor-element elementor-element-f0bf3eb elementor-widget-mobile__width-inherit elementor-invisible elementor-widget elementor-widget-text-editor\" data-id=\"f0bf3eb\" data-element_type=\"widget\" data-settings=\"{&quot;_animation&quot;:&quot;fadeInUp&quot;}\" data-widget_type=\"text-editor.default\">\n\t\t\t\t<div class=\"elementor-widget-container\">\n\t\t\t\t\t\t\t<p>We answered the most frequently asked questions for you.<\/p>\t\t\t\t\t\t<\/div>\n\t\t\t\t<\/div>\n\t\t\t\t<div class=\"elementor-element elementor-element-33d5d4a0 elementor-invisible elementor-widget elementor-widget-elementskit-accordion\" data-id=\"33d5d4a0\" data-element_type=\"widget\" data-settings=\"{&quot;_animation&quot;:&quot;fadeInUp&quot;}\" data-widget_type=\"elementskit-accordion.default\">\n\t\t\t\t<div class=\"elementor-widget-container\">\n\t\t\t<div class=\"ekit-wid-con\" >\n        <div class=\"elementskit-accordion accoedion-primary\" id=\"accordion-69f2040abd2b3\">\n\n            \n                <div class=\"elementskit-card active\">\n                    <div class=\"elementskit-card-header\" id=\"primaryHeading-0-33d5d4a0\">\n                        <a href=\"#collapse-0e6b41f69f2040abd2b3\" class=\"ekit-accordion--toggler elementskit-btn-link collapsed\" data-ekit-toggle=\"collapse\" data-target=\"#Collapse-0e6b41f69f2040abd2b3\" aria-expanded=\"true\" aria-controls=\"Collapse-0e6b41f69f2040abd2b3\">\n                            \n                            <span class=\"ekit-accordion-title\">Sakal ve b\u0131y\u0131k ekimi ne kadar s\u00fcrer?<\/span>\n\n                            \n                                <div class=\"ekit_accordion_icon_group\">\n                                    <div class=\"ekit_accordion_normal_icon\">\n                                        <!-- Normal Icon -->\n                                        <i aria-hidden=\"true\" class=\"icon-open icon-right icon icon-down-arrow1\"><\/i>                                    <\/div>\n\n                                    <div class=\"ekit_accordion_active_icon\">\n                                        <!-- Active Icon -->\n                                        <i aria-hidden=\"true\" class=\"icon-closed icon-right icon icon-up-arrow1\"><\/i>                                    <\/div>\n\n                                <\/div>\n\n                            \n                                                    <\/a>\n                    <\/div>\n\n                    <div id=\"Collapse-0e6b41f69f2040abd2b3\" class=\"show collapse\" aria-labelledby=\"primaryHeading-0-33d5d4a0\" data-parent=\"#accordion-69f2040abd2b3\">\n\n                        <div class=\"elementskit-card-body ekit-accordion--content\">\n                            <p>Sakal ve b\u0131y\u0131k ekimi i\u015flemi genellikle 4-6 saat s\u00fcrer. \u0130\u015flem s\u00fcresi, ekim yap\u0131lacak alan\u0131n b\u00fcy\u00fckl\u00fc\u011f\u00fcne ve k\u00f6k say\u0131s\u0131na ba\u011fl\u0131 olarak de\u011fi\u015febilir.<\/p>                        <\/div>\n\n                    <\/div>\n\n                <\/div><!-- .elementskit-card END -->\n\n                \n                <div class=\"elementskit-card\">\n                    <div class=\"elementskit-card-header\" id=\"primaryHeading-1-33d5d4a0\">\n                        <a href=\"#collapse-c67283069f2040abd2b3\" class=\"ekit-accordion--toggler elementskit-btn-link collapsed\" data-ekit-toggle=\"collapse\" data-target=\"#Collapse-c67283069f2040abd2b3\" aria-expanded=\"false\" aria-controls=\"Collapse-c67283069f2040abd2b3\">\n                            \n                            <span class=\"ekit-accordion-title\">Sakal ve b\u0131y\u0131k ekimi sonras\u0131 iyile\u015fme s\u00fcreci nas\u0131l olur?<\/span>\n\n                            \n                                <div class=\"ekit_accordion_icon_group\">\n                                    <div class=\"ekit_accordion_normal_icon\">\n                                        <!-- Normal Icon -->\n                                        <i aria-hidden=\"true\" class=\"icon-open icon-right icon icon-down-arrow1\"><\/i>                                    <\/div>\n\n                                    <div class=\"ekit_accordion_active_icon\">\n                                        <!-- Active Icon -->\n                                        <i aria-hidden=\"true\" class=\"icon-closed icon-right icon icon-up-arrow1\"><\/i>                                    <\/div>\n\n                                <\/div>\n\n                            \n                                                    <\/a>\n                    <\/div>\n\n                    <div id=\"Collapse-c67283069f2040abd2b3\" class=\"collapse\" aria-labelledby=\"primaryHeading-1-33d5d4a0\" data-parent=\"#accordion-69f2040abd2b3\">\n\n                        <div class=\"elementskit-card-body ekit-accordion--content\">\n                            <p>Sakal ve b\u0131y\u0131k ekimi sonras\u0131 genellikle 1-2 hafta i\u00e7inde iyile\u015fme ba\u015flar. K\u0131smi kabuklanma ve hafif rahats\u0131zl\u0131k olabilir, ancak bu durum genellikle k\u0131sa s\u00fcrede ge\u00e7er.<\/p>                        <\/div>\n\n                    <\/div>\n\n                <\/div><!-- .elementskit-card END -->\n\n                \n                <div class=\"elementskit-card\">\n                    <div class=\"elementskit-card-header\" id=\"primaryHeading-2-33d5d4a0\">\n                        <a href=\"#collapse-6aafcf169f2040abd2b3\" class=\"ekit-accordion--toggler elementskit-btn-link collapsed\" data-ekit-toggle=\"collapse\" data-target=\"#Collapse-6aafcf169f2040abd2b3\" aria-expanded=\"false\" aria-controls=\"Collapse-6aafcf169f2040abd2b3\">\n                            \n                            <span class=\"ekit-accordion-title\">Sakal ve b\u0131y\u0131k ekimi kal\u0131c\u0131 m\u0131d\u0131r?<\/span>\n\n                            \n                                <div class=\"ekit_accordion_icon_group\">\n                                    <div class=\"ekit_accordion_normal_icon\">\n                                        <!-- Normal Icon -->\n                                        <i aria-hidden=\"true\" class=\"icon-open icon-right icon icon-down-arrow1\"><\/i>                                    <\/div>\n\n                                    <div class=\"ekit_accordion_active_icon\">\n                                        <!-- Active Icon -->\n                                        <i aria-hidden=\"true\" class=\"icon-closed icon-right icon icon-up-arrow1\"><\/i>                                    <\/div>\n\n                                <\/div>\n\n                            \n                                                    <\/a>\n                    <\/div>\n\n                    <div id=\"Collapse-6aafcf169f2040abd2b3\" class=\"collapse\" aria-labelledby=\"primaryHeading-2-33d5d4a0\" data-parent=\"#accordion-69f2040abd2b3\">\n\n                        <div class=\"elementskit-card-body ekit-accordion--content\">\n                            <p>Evet, sakal ve b\u0131y\u0131k ekimi kal\u0131c\u0131 bir \u00e7\u00f6z\u00fcmd\u00fcr. Don\u00f6r b\u00f6lgeden al\u0131nan sa\u00e7 k\u00f6kleri, d\u00f6k\u00fclmeye dayan\u0131kl\u0131 oldu\u011fu i\u00e7in ekim yap\u0131lan b\u00f6lgelerde uzun \u00f6m\u00fcrl\u00fc sonu\u00e7lar sa\u011flar.<\/p>                        <\/div>\n\n                    <\/div>\n\n                <\/div><!-- .elementskit-card END -->\n\n                \n                <div class=\"elementskit-card\">\n                    <div class=\"elementskit-card-header\" id=\"primaryHeading-3-33d5d4a0\">\n                        <a href=\"#collapse-53b2d6869f2040abd2b3\" class=\"ekit-accordion--toggler elementskit-btn-link collapsed\" data-ekit-toggle=\"collapse\" data-target=\"#Collapse-53b2d6869f2040abd2b3\" aria-expanded=\"false\" aria-controls=\"Collapse-53b2d6869f2040abd2b3\">\n                            \n                            <span class=\"ekit-accordion-title\">Sakal ve b\u0131y\u0131k ekimi sonras\u0131 nelere dikkat edilmelidir?<\/span>\n\n                            \n                                <div class=\"ekit_accordion_icon_group\">\n                                    <div class=\"ekit_accordion_normal_icon\">\n                                        <!-- Normal Icon -->\n                                        <i aria-hidden=\"true\" class=\"icon-open icon-right icon icon-down-arrow1\"><\/i>                                    <\/div>\n\n                                    <div class=\"ekit_accordion_active_icon\">\n                                        <!-- Active Icon -->\n                                        <i aria-hidden=\"true\" class=\"icon-closed icon-right icon icon-up-arrow1\"><\/i>                                    <\/div>\n\n                                <\/div>\n\n                            \n                                                    <\/a>\n                    <\/div>\n\n                    <div id=\"Collapse-53b2d6869f2040abd2b3\" class=\"collapse\" aria-labelledby=\"primaryHeading-3-33d5d4a0\" data-parent=\"#accordion-69f2040abd2b3\">\n\n                        <div class=\"elementskit-card-body ekit-accordion--content\">\n                            <p>Ekim sonras\u0131 bak\u0131m talimatlar\u0131na uymak \u00f6nemlidir. Temizlik, ila\u00e7 kullan\u0131m\u0131 ve cilt bak\u0131m\u0131na dikkat edilmesi, ba\u015far\u0131l\u0131 sonu\u00e7lar elde edilmesine yard\u0131mc\u0131 olur.<\/p>                        <\/div>\n\n                    <\/div>\n\n                <\/div><!-- .elementskit-card END -->\n\n                \n                <div class=\"elementskit-card\">\n                    <div class=\"elementskit-card-header\" id=\"primaryHeading-4-33d5d4a0\">\n                        <a href=\"#collapse-c7f579f69f2040abd2b3\" class=\"ekit-accordion--toggler elementskit-btn-link collapsed\" data-ekit-toggle=\"collapse\" data-target=\"#Collapse-c7f579f69f2040abd2b3\" aria-expanded=\"false\" aria-controls=\"Collapse-c7f579f69f2040abd2b3\">\n                            \n                            <span class=\"ekit-accordion-title\">Sakal ve b\u0131y\u0131k ekimi herkes i\u00e7in uygun mu?<\/span>\n\n                            \n                                <div class=\"ekit_accordion_icon_group\">\n                                    <div class=\"ekit_accordion_normal_icon\">\n                                        <!-- Normal Icon -->\n                                        <i aria-hidden=\"true\" class=\"icon-open icon-right icon icon-down-arrow1\"><\/i>                                    <\/div>\n\n                                    <div class=\"ekit_accordion_active_icon\">\n                                        <!-- Active Icon -->\n                                        <i aria-hidden=\"true\" class=\"icon-closed icon-right icon icon-up-arrow1\"><\/i>                                    <\/div>\n\n                                <\/div>\n\n                            \n                                                    <\/a>\n                    <\/div>\n\n                    <div id=\"Collapse-c7f579f69f2040abd2b3\" class=\"collapse\" aria-labelledby=\"primaryHeading-4-33d5d4a0\" data-parent=\"#accordion-69f2040abd2b3\">\n\n                        <div class=\"elementskit-card-body ekit-accordion--content\">\n                            <p>Sakal ve b\u0131y\u0131k ekimi genellikle sa\u011fl\u0131kl\u0131 bireyler i\u00e7in uygundur. Y\u00fcz yap\u0131n\u0131z, cilt sa\u011fl\u0131\u011f\u0131n\u0131z ve don\u00f6r b\u00f6lgenizin durumu de\u011ferlendirildikten sonra en uygun planlama yap\u0131l\u0131r.<\/p>                        <\/div>\n\n                    <\/div>\n\n                <\/div><!-- .elementskit-card END -->\n\n                                        <\/div>\n    <\/div>\t\t<\/div>\n\t\t\t\t<\/div>\n\t\t\t\t<\/div>\n\t\t<div class=\"elementor-element elementor-element-81f76e0 e-con-full e-flex e-con e-child\" data-id=\"81f76e0\" data-element_type=\"container\">\n\t\t\t\t<div class=\"elementor-element elementor-element-549db447 elementor-widget-tablet__width-initial elementor-widget-mobile__width-inherit elementor-invisible elementor-widget elementor-widget-image\" data-id=\"549db447\" data-element_type=\"widget\" data-settings=\"{&quot;_animation&quot;:&quot;fadeInUp&quot;}\" data-widget_type=\"image.default\">\n\t\t\t\t<div class=\"elementor-widget-container\">\n\t\t\t\t\t\t\t\t\t\t\t\t\t<img fetchpriority=\"high\" decoding=\"async\" width=\"2560\" height=\"1707\" src=\"https:\/\/www.redmoonhealth.com\/wp-content\/uploads\/2024\/09\/biyik-sakal-ekimi-scaled.jpg.webp\" class=\"attachment-full size-full wp-image-677\" alt=\"\" srcset=\"https:\/\/www.redmoonhealth.com\/wp-content\/uploads\/2024\/09\/biyik-sakal-ekimi-scaled.jpg.webp 2560w, https:\/\/www.redmoonhealth.com\/wp-content\/uploads\/2024\/09\/biyik-sakal-ekimi-scaled.jpg-300x200.webp 300w, https:\/\/www.redmoonhealth.com\/wp-content\/uploads\/2024\/09\/biyik-sakal-ekimi-scaled.jpg-1024x683.webp 1024w, https:\/\/www.redmoonhealth.com\/wp-content\/uploads\/2024\/09\/biyik-sakal-ekimi-scaled.jpg-768x512.webp 768w, https:\/\/www.redmoonhealth.com\/wp-content\/uploads\/2024\/09\/biyik-sakal-ekimi-scaled.jpg-1536x1024.webp 1536w, https:\/\/www.redmoonhealth.com\/wp-content\/uploads\/2024\/09\/biyik-sakal-ekimi-scaled.jpg-2048x1366.webp 2048w\" sizes=\"(max-width: 2560px) 100vw, 2560px\" title=\"\">\t\t\t\t\t\t\t\t\t\t\t\t\t<\/div>\n\t\t\t\t<\/div>\n\t\t\t\t<div class=\"elementor-element elementor-element-7fa2a815 elementor-widget-tablet__width-initial elementor-widget-mobile__width-inherit elementor-icon-list--layout-traditional elementor-list-item-link-full_width elementor-invisible elementor-widget elementor-widget-icon-list\" data-id=\"7fa2a815\" data-element_type=\"widget\" data-settings=\"{&quot;_animation&quot;:&quot;fadeInUp&quot;}\" data-widget_type=\"icon-list.default\">\n\t\t\t\t<div class=\"elementor-widget-container\">\n\t\t\t\t\t<ul class=\"elementor-icon-list-items\">\n\t\t\t\t\t\t\t<li class=\"elementor-icon-list-item\">\n\t\t\t\t\t\t\t\t\t\t\t<span class=\"elementor-icon-list-icon\">\n\t\t\t\t\t\t\t<svg aria-hidden=\"true\" class=\"e-font-icon-svg e-far-check-circle\" viewbox=\"0 0 512 512\" xmlns=\"http:\/\/www.w3.org\/2000\/svg\"><path d=\"M256 8C119.033 8 8 119.033 8 256s111.033 248 248 248 248-111.033 248-248S392.967 8 256 8zm0 48c110.532 0 200 89.451 200 200 0 110.532-89.451 200-200 200-110.532 0-200-89.451-200-200 0-110.532 89.451-200 200-200m140.204 130.267l-22.536-22.718c-4.667-4.705-12.265-4.736-16.97-.068L215.346 303.697l-59.792-60.277c-4.667-4.705-12.265-4.736-16.97-.069l-22.719 22.536c-4.705 4.667-4.736 12.265-.068 16.971l90.781 91.516c4.667 4.705 12.265 4.736 16.97.068l172.589-171.204c4.704-4.668 4.734-12.266.067-16.971z\"><\/path><\/svg>\t\t\t\t\t\t<\/span>\n\t\t\t\t\t\t\t\t\t\t<span class=\"elementor-icon-list-text\">Tam Kontrol<\/span>\n\t\t\t\t\t\t\t\t\t<\/li>\n\t\t\t\t\t\t\t\t<li class=\"elementor-icon-list-item\">\n\t\t\t\t\t\t\t\t\t\t\t<span class=\"elementor-icon-list-icon\">\n\t\t\t\t\t\t\t<svg aria-hidden=\"true\" class=\"e-font-icon-svg e-far-check-circle\" viewbox=\"0 0 512 512\" xmlns=\"http:\/\/www.w3.org\/2000\/svg\"><path d=\"M256 8C119.033 8 8 119.033 8 256s111.033 248 248 248 248-111.033 248-248S392.967 8 256 8zm0 48c110.532 0 200 89.451 200 200 0 110.532-89.451 200-200 200-110.532 0-200-89.451-200-200 0-110.532 89.451-200 200-200m140.204 130.267l-22.536-22.718c-4.667-4.705-12.265-4.736-16.97-.068L215.346 303.697l-59.792-60.277c-4.667-4.705-12.265-4.736-16.97-.069l-22.719 22.536c-4.705 4.667-4.736 12.265-.068 16.971l90.781 91.516c4.667 4.705 12.265 4.736 16.97.068l172.589-171.204c4.704-4.668 4.734-12.266.067-16.971z\"><\/path><\/svg>\t\t\t\t\t\t<\/span>\n\t\t\t\t\t\t\t\t\t\t<span class=\"elementor-icon-list-text\">Seyrek B\u00f6lgelere \u00c7\u00f6z\u00fcm<\/span>\n\t\t\t\t\t\t\t\t\t<\/li>\n\t\t\t\t\t\t\t\t<li class=\"elementor-icon-list-item\">\n\t\t\t\t\t\t\t\t\t\t\t<span class=\"elementor-icon-list-icon\">\n\t\t\t\t\t\t\t<svg aria-hidden=\"true\" class=\"e-font-icon-svg e-far-check-circle\" viewbox=\"0 0 512 512\" xmlns=\"http:\/\/www.w3.org\/2000\/svg\"><path d=\"M256 8C119.033 8 8 119.033 8 256s111.033 248 248 248 248-111.033 248-248S392.967 8 256 8zm0 48c110.532 0 200 89.451 200 200 0 110.532-89.451 200-200 200-110.532 0-200-89.451-200-200 0-110.532 89.451-200 200-200m140.204 130.267l-22.536-22.718c-4.667-4.705-12.265-4.736-16.97-.068L215.346 303.697l-59.792-60.277c-4.667-4.705-12.265-4.736-16.97-.069l-22.719 22.536c-4.705 4.667-4.736 12.265-.068 16.971l90.781 91.516c4.667 4.705 12.265 4.736 16.97.068l172.589-171.204c4.704-4.668 4.734-12.266.067-16.971z\"><\/path><\/svg>\t\t\t\t\t\t<\/span>\n\t\t\t\t\t\t\t\t\t\t<span class=\"elementor-icon-list-text\">H\u0131zl\u0131 Sonu\u00e7lar<\/span>\n\t\t\t\t\t\t\t\t\t<\/li>\n\t\t\t\t\t\t\t\t<li class=\"elementor-icon-list-item\">\n\t\t\t\t\t\t\t\t\t\t\t<span class=\"elementor-icon-list-icon\">\n\t\t\t\t\t\t\t<svg aria-hidden=\"true\" class=\"e-font-icon-svg e-far-check-circle\" viewbox=\"0 0 512 512\" xmlns=\"http:\/\/www.w3.org\/2000\/svg\"><path d=\"M256 8C119.033 8 8 119.033 8 256s111.033 248 248 248 248-111.033 248-248S392.967 8 256 8zm0 48c110.532 0 200 89.451 200 200 0 110.532-89.451 200-200 200-110.532 0-200-89.451-200-200 0-110.532 89.451-200 200-200m140.204 130.267l-22.536-22.718c-4.667-4.705-12.265-4.736-16.97-.068L215.346 303.697l-59.792-60.277c-4.667-4.705-12.265-4.736-16.97-.069l-22.719 22.536c-4.705 4.667-4.736 12.265-.068 16.971l90.781 91.516c4.667 4.705 12.265 4.736 16.97.068l172.589-171.204c4.704-4.668 4.734-12.266.067-16.971z\"><\/path><\/svg>\t\t\t\t\t\t<\/span>\n\t\t\t\t\t\t\t\t\t\t<span class=\"elementor-icon-list-text\">D\u00fc\u015f\u00fck Bak\u0131m \u0130htiyac\u0131<\/span>\n\t\t\t\t\t\t\t\t\t<\/li>\n\t\t\t\t\t\t\t\t<li class=\"elementor-icon-list-item\">\n\t\t\t\t\t\t\t\t\t\t\t<span class=\"elementor-icon-list-icon\">\n\t\t\t\t\t\t\t<svg aria-hidden=\"true\" class=\"e-font-icon-svg e-far-check-circle\" viewbox=\"0 0 512 512\" xmlns=\"http:\/\/www.w3.org\/2000\/svg\"><path d=\"M256 8C119.033 8 8 119.033 8 256s111.033 248 248 248 248-111.033 248-248S392.967 8 256 8zm0 48c110.532 0 200 89.451 200 200 0 110.532-89.451 200-200 200-110.532 0-200-89.451-200-200 0-110.532 89.451-200 200-200m140.204 130.267l-22.536-22.718c-4.667-4.705-12.265-4.736-16.97-.068L215.346 303.697l-59.792-60.277c-4.667-4.705-12.265-4.736-16.97-.069l-22.719 22.536c-4.705 4.667-4.736 12.265-.068 16.971l90.781 91.516c4.667 4.705 12.265 4.736 16.97.068l172.589-171.204c4.704-4.668 4.734-12.266.067-16.971z\"><\/path><\/svg>\t\t\t\t\t\t<\/span>\n\t\t\t\t\t\t\t\t\t\t<span class=\"elementor-icon-list-text\">\u00d6zel Dokunu\u015f<\/span>\n\t\t\t\t\t\t\t\t\t<\/li>\n\t\t\t\t\t\t<\/ul>\n\t\t\t\t<\/div>\n\t\t\t\t<\/div>\n\t\t\t\t<\/div>\n\t\t\t\t\t<\/div>\n\t\t\t\t<\/div>\n\t\t\t\t<\/div>","protected":false},"excerpt":{"rendered":"<p>Sakal ve B\u0131y\u0131k Ekimi Red Moon Klinik olarak, y\u00fcz hatlar\u0131n\u0131za en uygun, tarz\u0131n\u0131z\u0131 yans\u0131tan sakal ve b\u0131y\u0131k g\u00f6r\u00fcn\u00fcm\u00fcn\u00fc sizlere sunuyoruz! Sakal B\u0131y\u0131k Ekimi Hizmeti Red Moon Klinik\u2019te sakal ve b\u0131y\u0131k ekimi, y\u00fcz\u00fcn\u00fczde do\u011fal ve dolgun bir g\u00f6r\u00fcn\u00fcm elde etmeniz i\u00e7in uzman kadromuz taraf\u0131ndan titizlikle yap\u0131l\u0131r. Seyrek veya bo\u015f kalan sakal ve b\u0131y\u0131k b\u00f6lgeleri i\u00e7in etkili [&hellip;]<\/p>","protected":false},"author":1,"featured_media":0,"parent":0,"menu_order":0,"comment_status":"closed","ping_status":"closed","template":"","meta":{"footnotes":""},"class_list":["post-666","page","type-page","status-publish","hentry"],"_links":{"self":[{"href":"https:\/\/www.redmoonhealth.com\/en\/wp-json\/wp\/v2\/pages\/666","targetHints":{"allow":["GET"]}}],"collection":[{"href":"https:\/\/www.redmoonhealth.com\/en\/wp-json\/wp\/v2\/pages"}],"about":[{"href":"https:\/\/www.redmoonhealth.com\/en\/wp-json\/wp\/v2\/types\/page"}],"author":[{"embeddable":true,"href":"https:\/\/www.redmoonhealth.com\/en\/wp-json\/wp\/v2\/users\/1"}],"replies":[{"embeddable":true,"href":"https:\/\/www.redmoonhealth.com\/en\/wp-json\/wp\/v2\/comments?post=666"}],"version-history":[{"count":74,"href":"https:\/\/www.redmoonhealth.com\/en\/wp-json\/wp\/v2\/pages\/666\/revisions"}],"predecessor-version":[{"id":1644,"href":"https:\/\/www.redmoonhealth.com\/en\/wp-json\/wp\/v2\/pages\/666\/revisions\/1644"}],"wp:attachment":[{"href":"https:\/\/www.redmoonhealth.com\/en\/wp-json\/wp\/v2\/media?parent=666"}],"curies":[{"name":"wp","href":"https:\/\/api.w.org\/{rel}","templated":true}]}}