{"id":873,"date":"2024-09-23T11:33:04","date_gmt":"2024-09-23T11:33:04","guid":{"rendered":"https:\/\/www.redmoonhealth.com\/?page_id=873"},"modified":"2024-10-24T11:27:38","modified_gmt":"2024-10-24T11:27:38","slug":"sac-ekimi-oncesi","status":"publish","type":"page","link":"https:\/\/www.redmoonhealth.com\/de\/vor-der-haartransplantation\/","title":{"rendered":"Vor der Haartransplantation"},"content":{"rendered":"<div data-elementor-type=\"wp-page\" data-elementor-id=\"873\" class=\"elementor elementor-873\" data-elementor-post-type=\"page\">\n\t\t\t\t<div class=\"elementor-element elementor-element-23ddb4b e-flex e-con-boxed elementor-invisible e-con e-parent\" data-id=\"23ddb4b\" data-element_type=\"container\" data-settings=\"{&quot;background_background&quot;:&quot;classic&quot;,&quot;animation&quot;:&quot;fadeIn&quot;}\">\n\t\t\t\t\t<div class=\"e-con-inner\">\n\t\t<div class=\"elementor-element elementor-element-007bab8 e-con-full e-flex e-con e-child\" data-id=\"007bab8\" data-element_type=\"container\">\n\t\t\t\t<div class=\"elementor-element elementor-element-19963e7 elementor-invisible elementor-widget elementor-widget-heading\" data-id=\"19963e7\" data-element_type=\"widget\" data-settings=\"{&quot;_animation&quot;:&quot;fadeInDown&quot;}\" data-widget_type=\"heading.default\">\n\t\t\t\t<div class=\"elementor-widget-container\">\n\t\t\t<h1 class=\"elementor-heading-title elementor-size-default\">Vor der Haartransplantation<\/h1>\t\t<\/div>\n\t\t\t\t<\/div>\n\t\t\t\t<div class=\"elementor-element elementor-element-cd3efba elementor-invisible elementor-widget elementor-widget-text-editor\" data-id=\"cd3efba\" data-element_type=\"widget\" data-settings=\"{&quot;_animation&quot;:&quot;fadeInUp&quot;}\" data-widget_type=\"text-editor.default\">\n\t\t\t\t<div class=\"elementor-widget-container\">\n\t\t\t\t\t\t\t<p>Der Prozess vor der Haartransplantation ist ein entscheidender Schritt f\u00fcr ein erfolgreiches Ergebnis. Dabei f\u00fchrt unser Expertenteam ein ausf\u00fchrliches Beratungsgespr\u00e4ch mit Ihnen und ermittelt die Ursachen Ihres Haarausfalls sowie die am besten geeigneten Behandlungsmethoden.<\/p>\t\t\t\t\t\t<\/div>\n\t\t\t\t<\/div>\n\t\t\t\t<\/div>\n\t\t\t\t\t<\/div>\n\t\t\t\t<\/div>\n\t\t<div class=\"elementor-element elementor-element-0bed65e e-flex e-con-boxed e-con e-parent\" data-id=\"0bed65e\" data-element_type=\"container\">\n\t\t\t\t\t<div class=\"e-con-inner\">\n\t\t<div class=\"elementor-element elementor-element-94bb674 e-con-full e-flex e-con e-child\" data-id=\"94bb674\" data-element_type=\"container\">\n\t\t\t\t<div class=\"elementor-element elementor-element-3c396b4 elementor-invisible elementor-widget elementor-widget-heading\" data-id=\"3c396b4\" data-element_type=\"widget\" data-settings=\"{&quot;_animation&quot;:&quot;fadeInUp&quot;}\" data-widget_type=\"heading.default\">\n\t\t\t\t<div class=\"elementor-widget-container\">\n\t\t\t<h6 class=\"elementor-heading-title elementor-size-default\">Kundenleitfaden<\/h6>\t\t<\/div>\n\t\t\t\t<\/div>\n\t\t\t\t<div class=\"elementor-element elementor-element-3bea912 elementor-invisible elementor-widget elementor-widget-heading\" data-id=\"3bea912\" data-element_type=\"widget\" data-settings=\"{&quot;_animation&quot;:&quot;fadeInUp&quot;}\" data-widget_type=\"heading.default\">\n\t\t\t\t<div class=\"elementor-widget-container\">\n\t\t\t<h2 class=\"elementor-heading-title elementor-size-default\">Vor der Haartransplantation<br>und Vorbereitung<\/h2>\t\t<\/div>\n\t\t\t\t<\/div>\n\t\t\t\t<div class=\"elementor-element elementor-element-b14a256 elementor-invisible elementor-widget elementor-widget-image\" data-id=\"b14a256\" data-element_type=\"widget\" data-settings=\"{&quot;_animation&quot;:&quot;fadeInUp&quot;}\" data-widget_type=\"image.default\">\n\t\t\t\t<div class=\"elementor-widget-container\">\n\t\t\t\t\t\t\t\t\t\t\t\t\t<img fetchpriority=\"high\" decoding=\"async\" width=\"1600\" height=\"900\" src=\"https:\/\/www.redmoonhealth.com\/wp-content\/uploads\/2024\/09\/is-a-Hair-Transplant-Dangerous.jpg\" class=\"attachment-full size-full wp-image-901\" alt=\"\" srcset=\"https:\/\/www.redmoonhealth.com\/wp-content\/uploads\/2024\/09\/is-a-Hair-Transplant-Dangerous.jpg 1600w, https:\/\/www.redmoonhealth.com\/wp-content\/uploads\/2024\/09\/is-a-Hair-Transplant-Dangerous-300x169.jpg 300w, https:\/\/www.redmoonhealth.com\/wp-content\/uploads\/2024\/09\/is-a-Hair-Transplant-Dangerous-1024x576.jpg 1024w, https:\/\/www.redmoonhealth.com\/wp-content\/uploads\/2024\/09\/is-a-Hair-Transplant-Dangerous-768x432.jpg 768w, https:\/\/www.redmoonhealth.com\/wp-content\/uploads\/2024\/09\/is-a-Hair-Transplant-Dangerous-1536x864.jpg 1536w\" sizes=\"(max-width: 1600px) 100vw, 1600px\" title=\"\">\t\t\t\t\t\t\t\t\t\t\t\t\t<\/div>\n\t\t\t\t<\/div>\n\t\t\t\t<\/div>\n\t\t<div class=\"elementor-element elementor-element-7e0a2de e-con-full e-flex e-con e-child\" data-id=\"7e0a2de\" data-element_type=\"container\">\n\t\t\t\t<div class=\"elementor-element elementor-element-ec0da44 elementor-widget-tablet__width-initial elementor-widget-mobile__width-inherit elementor-invisible elementor-widget elementor-widget-text-editor\" data-id=\"ec0da44\" data-element_type=\"widget\" data-settings=\"{&quot;_animation&quot;:&quot;fadeInUp&quot;}\" data-widget_type=\"text-editor.default\">\n\t\t\t\t<div class=\"elementor-widget-container\">\n\t\t\t\t\t\t\t<p>Wenn Sie sich f\u00fcr eine Haartransplantation entscheiden, sollten Sie einige wichtige Schritte beachten, um ein erfolgreiches Ergebnis zu erzielen. Zun\u00e4chst m\u00fcssen Sie in unsere Praxis kommen, damit wir eine Haaranalyse durchf\u00fchren und die Eignung des Spenderbereichs beurteilen k\u00f6nnen. Nach Festlegung des Eingriffstermins sollten alle Ihre Blutuntersuchungen durchgef\u00fchrt, Ihre Gesundheitsdaten abgefragt und Informationen dar\u00fcber gegeben werden, was vor der Operation zu tun ist.<\/p>\t\t\t\t\t\t<\/div>\n\t\t\t\t<\/div>\n\t\t\t\t<div class=\"elementor-element elementor-element-a9b3c67 elementor-widget-tablet__width-initial elementor-widget-mobile__width-inherit elementor-icon-list--layout-traditional elementor-list-item-link-full_width elementor-invisible elementor-widget elementor-widget-icon-list\" data-id=\"a9b3c67\" data-element_type=\"widget\" data-settings=\"{&quot;_animation&quot;:&quot;fadeInUp&quot;}\" data-widget_type=\"icon-list.default\">\n\t\t\t\t<div class=\"elementor-widget-container\">\n\t\t\t\t\t<ul class=\"elementor-icon-list-items\">\n\t\t\t\t\t\t\t<li class=\"elementor-icon-list-item\">\n\t\t\t\t\t\t\t\t\t\t\t<span class=\"elementor-icon-list-icon\">\n\t\t\t\t\t\t\t<svg aria-hidden=\"true\" class=\"e-font-icon-svg e-fas-feather-alt\" viewbox=\"0 0 512 512\" xmlns=\"http:\/\/www.w3.org\/2000\/svg\"><path d=\"M512 0C460.22 3.56 96.44 38.2 71.01 287.61c-3.09 26.66-4.84 53.44-5.99 80.24l178.87-178.69c6.25-6.25 16.4-6.25 22.65 0s6.25 16.38 0 22.63L7.04 471.03c-9.38 9.37-9.38 24.57 0 33.94 9.38 9.37 24.59 9.37 33.98 0l57.13-57.07c42.09-.14 84.15-2.53 125.96-7.36 53.48-5.44 97.02-26.47 132.58-56.54H255.74l146.79-48.88c11.25-14.89 21.37-30.71 30.45-47.12h-81.14l106.54-53.21C500.29 132.86 510.19 26.26 512 0z\"><\/path><\/svg>\t\t\t\t\t\t<\/span>\n\t\t\t\t\t\t\t\t\t\t<span class=\"elementor-icon-list-text\"><b>Vor 10 Tagen:<\/b> Alkohol sollte nicht konsumiert werden.<\/span>\n\t\t\t\t\t\t\t\t\t<\/li>\n\t\t\t\t\t\t\t\t<li class=\"elementor-icon-list-item\">\n\t\t\t\t\t\t\t\t\t\t\t<span class=\"elementor-icon-list-icon\">\n\t\t\t\t\t\t\t<svg aria-hidden=\"true\" class=\"e-font-icon-svg e-fas-feather-alt\" viewbox=\"0 0 512 512\" xmlns=\"http:\/\/www.w3.org\/2000\/svg\"><path d=\"M512 0C460.22 3.56 96.44 38.2 71.01 287.61c-3.09 26.66-4.84 53.44-5.99 80.24l178.87-178.69c6.25-6.25 16.4-6.25 22.65 0s6.25 16.38 0 22.63L7.04 471.03c-9.38 9.37-9.38 24.57 0 33.94 9.38 9.37 24.59 9.37 33.98 0l57.13-57.07c42.09-.14 84.15-2.53 125.96-7.36 53.48-5.44 97.02-26.47 132.58-56.54H255.74l146.79-48.88c11.25-14.89 21.37-30.71 30.45-47.12h-81.14l106.54-53.21C500.29 132.86 510.19 26.26 512 0z\"><\/path><\/svg>\t\t\t\t\t\t<\/span>\n\t\t\t\t\t\t\t\t\t\t<span class=\"elementor-icon-list-text\"><b>Stand heute: <\/b>Medikamente wie Coraspin und Aspirin, die eine blutverd\u00fcnnende Wirkung haben, sollten vermieden werden. Bei Bedarf k\u00f6nnen Schmerzmittel wie Parol eingesetzt werden.<\/span>\n\t\t\t\t\t\t\t\t\t<\/li>\n\t\t\t\t\t\t\t\t<li class=\"elementor-icon-list-item\">\n\t\t\t\t\t\t\t\t\t\t\t<span class=\"elementor-icon-list-icon\">\n\t\t\t\t\t\t\t<svg aria-hidden=\"true\" class=\"e-font-icon-svg e-fas-feather-alt\" viewbox=\"0 0 512 512\" xmlns=\"http:\/\/www.w3.org\/2000\/svg\"><path d=\"M512 0C460.22 3.56 96.44 38.2 71.01 287.61c-3.09 26.66-4.84 53.44-5.99 80.24l178.87-178.69c6.25-6.25 16.4-6.25 22.65 0s6.25 16.38 0 22.63L7.04 471.03c-9.38 9.37-9.38 24.57 0 33.94 9.38 9.37 24.59 9.37 33.98 0l57.13-57.07c42.09-.14 84.15-2.53 125.96-7.36 53.48-5.44 97.02-26.47 132.58-56.54H255.74l146.79-48.88c11.25-14.89 21.37-30.71 30.45-47.12h-81.14l106.54-53.21C500.29 132.86 510.19 26.26 512 0z\"><\/path><\/svg>\t\t\t\t\t\t<\/span>\n\t\t\t\t\t\t\t\t\t\t<span class=\"elementor-icon-list-text\"><b>Essen und Kleidung:<\/b> Es ist wichtig, dass Sie am Tag der Operation mit einem Fr\u00fchst\u00fcck anreisen. Dar\u00fcber hinaus wird empfohlen, ein Hemd oder ein Kleid mit Frontrei\u00dfverschluss mitzubringen.<\/span>\n\t\t\t\t\t\t\t\t\t<\/li>\n\t\t\t\t\t\t\t\t<li class=\"elementor-icon-list-item\">\n\t\t\t\t\t\t\t\t\t\t\t<span class=\"elementor-icon-list-icon\">\n\t\t\t\t\t\t\t<svg aria-hidden=\"true\" class=\"e-font-icon-svg e-fas-feather-alt\" viewbox=\"0 0 512 512\" xmlns=\"http:\/\/www.w3.org\/2000\/svg\"><path d=\"M512 0C460.22 3.56 96.44 38.2 71.01 287.61c-3.09 26.66-4.84 53.44-5.99 80.24l178.87-178.69c6.25-6.25 16.4-6.25 22.65 0s6.25 16.38 0 22.63L7.04 471.03c-9.38 9.37-9.38 24.57 0 33.94 9.38 9.37 24.59 9.37 33.98 0l57.13-57.07c42.09-.14 84.15-2.53 125.96-7.36 53.48-5.44 97.02-26.47 132.58-56.54H255.74l146.79-48.88c11.25-14.89 21.37-30.71 30.45-47.12h-81.14l106.54-53.21C500.29 132.86 510.19 26.26 512 0z\"><\/path><\/svg>\t\t\t\t\t\t<\/span>\n\t\t\t\t\t\t\t\t\t\t<span class=\"elementor-icon-list-text\"><b>Weitere Vorschl\u00e4ge: <\/b>Alkohol, Kr\u00e4utertee und koffeinhaltige Getr\u00e4nke sollten mindestens 4-5 Tage vor dem Pflanztermin nicht konsumiert werden.<\/span>\n\t\t\t\t\t\t\t\t\t<\/li>\n\t\t\t\t\t\t<\/ul>\n\t\t\t\t<\/div>\n\t\t\t\t<\/div>\n\t\t\t\t<\/div>\n\t\t\t\t\t<\/div>\n\t\t\t\t<\/div>\n\t\t\t\t<\/div>","protected":false},"excerpt":{"rendered":"<p>Sa\u00e7 Ekimi \u00d6ncesi Sa\u00e7 ekimi \u00f6ncesi s\u00fcre\u00e7, ba\u015far\u0131l\u0131 bir sonu\u00e7 i\u00e7in kritik bir a\u015famad\u0131r. Bu s\u00fcre\u00e7te, uzman ekibimiz sizinle detayl\u0131 bir dan\u0131\u015fma yaparak sa\u00e7 d\u00f6k\u00fclmenizin nedenlerini ve en uygun tedavi y\u00f6ntemlerini belirler. Dan\u0131\u015fan Rehberi Sa\u00e7 Ekimi Operasyonu \u00d6ncesi ve Haz\u0131rl\u0131k Sa\u00e7 ekimi yapt\u0131rmaya karar verdi\u011finizde, ba\u015far\u0131l\u0131 bir sonu\u00e7 i\u00e7in dikkat etmeniz gereken baz\u0131 \u00f6nemli ad\u0131mlar [&hellip;]<\/p>","protected":false},"author":1,"featured_media":0,"parent":0,"menu_order":0,"comment_status":"closed","ping_status":"closed","template":"","meta":{"footnotes":""},"class_list":["post-873","page","type-page","status-publish","hentry"],"_links":{"self":[{"href":"https:\/\/www.redmoonhealth.com\/de\/wp-json\/wp\/v2\/pages\/873","targetHints":{"allow":["GET"]}}],"collection":[{"href":"https:\/\/www.redmoonhealth.com\/de\/wp-json\/wp\/v2\/pages"}],"about":[{"href":"https:\/\/www.redmoonhealth.com\/de\/wp-json\/wp\/v2\/types\/page"}],"author":[{"embeddable":true,"href":"https:\/\/www.redmoonhealth.com\/de\/wp-json\/wp\/v2\/users\/1"}],"replies":[{"embeddable":true,"href":"https:\/\/www.redmoonhealth.com\/de\/wp-json\/wp\/v2\/comments?post=873"}],"version-history":[{"count":33,"href":"https:\/\/www.redmoonhealth.com\/de\/wp-json\/wp\/v2\/pages\/873\/revisions"}],"predecessor-version":[{"id":1645,"href":"https:\/\/www.redmoonhealth.com\/de\/wp-json\/wp\/v2\/pages\/873\/revisions\/1645"}],"wp:attachment":[{"href":"https:\/\/www.redmoonhealth.com\/de\/wp-json\/wp\/v2\/media?parent=873"}],"curies":[{"name":"wp","href":"https:\/\/api.w.org\/{rel}","templated":true}]}}