{"id":706,"date":"2024-09-23T10:39:00","date_gmt":"2024-09-23T10:39:00","guid":{"rendered":"https:\/\/www.redmoonhealth.com\/?page_id=706"},"modified":"2024-11-05T08:52:56","modified_gmt":"2024-11-05T08:52:56","slug":"kas-ekimi","status":"publish","type":"page","link":"https:\/\/www.redmoonhealth.com\/de\/augenbrauentransplantation\/","title":{"rendered":"Augenbrauentransplantation"},"content":{"rendered":"<div data-elementor-type=\"wp-page\" data-elementor-id=\"706\" class=\"elementor elementor-706\" data-elementor-post-type=\"page\">\n\t\t\t\t<div class=\"elementor-element elementor-element-d3e3fb5 e-flex e-con-boxed elementor-invisible e-con e-parent\" data-id=\"d3e3fb5\" data-element_type=\"container\" data-settings=\"{&quot;background_background&quot;:&quot;classic&quot;,&quot;animation&quot;:&quot;fadeIn&quot;}\">\n\t\t\t\t\t<div class=\"e-con-inner\">\n\t\t<div class=\"elementor-element elementor-element-808a218 e-con-full e-flex e-con e-child\" data-id=\"808a218\" data-element_type=\"container\">\n\t\t\t\t<div class=\"elementor-element elementor-element-ae44b7f elementor-invisible elementor-widget elementor-widget-heading\" data-id=\"ae44b7f\" data-element_type=\"widget\" data-settings=\"{&quot;_animation&quot;:&quot;fadeInDown&quot;}\" data-widget_type=\"heading.default\">\n\t\t\t\t<div class=\"elementor-widget-container\">\n\t\t\t<h1 class=\"elementor-heading-title elementor-size-default\">Augenbrauentransplantation<\/h1>\t\t<\/div>\n\t\t\t\t<\/div>\n\t\t\t\t<div class=\"elementor-element elementor-element-5b14a2e elementor-invisible elementor-widget elementor-widget-text-editor\" data-id=\"5b14a2e\" data-element_type=\"widget\" data-settings=\"{&quot;_animation&quot;:&quot;fadeInUp&quot;}\" data-widget_type=\"text-editor.default\">\n\t\t\t\t<div class=\"elementor-widget-container\">\n\t\t\t\t\t\t\t<p>Als Red Moon Health sind wir hier, um Ihnen dabei zu helfen, mit modernster Technologie und personalisierten L\u00f6sungen die F\u00fclle und Form Ihrer Augenbrauen zu erreichen, die Sie sich w\u00fcnschen.<\/p>\t\t\t\t\t\t<\/div>\n\t\t\t\t<\/div>\n\t\t\t\t<\/div>\n\t\t\t\t\t<\/div>\n\t\t\t\t<\/div>\n\t\t<div class=\"elementor-element elementor-element-a607cda e-flex e-con-boxed e-con e-parent\" data-id=\"a607cda\" data-element_type=\"container\">\n\t\t\t\t\t<div class=\"e-con-inner\">\n\t\t<div class=\"elementor-element elementor-element-681def4b e-flex e-con-boxed e-con e-child\" data-id=\"681def4b\" data-element_type=\"container\">\n\t\t\t\t\t<div class=\"e-con-inner\">\n\t\t<div class=\"elementor-element elementor-element-23334d00 e-flex e-con-boxed e-con e-child\" data-id=\"23334d00\" data-element_type=\"container\" data-settings=\"{&quot;background_background&quot;:&quot;classic&quot;}\">\n\t\t\t\t\t<div class=\"e-con-inner\">\n\t\t\t\t<div class=\"elementor-element elementor-element-fe68829 elementor-widget elementor-widget-spacer\" data-id=\"fe68829\" data-element_type=\"widget\" data-widget_type=\"spacer.default\">\n\t\t\t\t<div class=\"elementor-widget-container\">\n\t\t\t\t\t<div class=\"elementor-spacer\">\n\t\t\t<div class=\"elementor-spacer-inner\"><\/div>\n\t\t<\/div>\n\t\t\t\t<\/div>\n\t\t\t\t<\/div>\n\t\t\t\t\t<\/div>\n\t\t\t\t<\/div>\n\t\t<div class=\"elementor-element elementor-element-3bfd20d e-flex e-con-boxed e-con e-child\" data-id=\"3bfd20d\" data-element_type=\"container\">\n\t\t\t\t\t<div class=\"e-con-inner\">\n\t\t\t\t<div class=\"elementor-element elementor-element-f3dd68b elementor-invisible elementor-widget elementor-widget-heading\" data-id=\"f3dd68b\" data-element_type=\"widget\" data-settings=\"{&quot;_animation&quot;:&quot;fadeInUp&quot;}\" data-widget_type=\"heading.default\">\n\t\t\t\t<div class=\"elementor-widget-container\">\n\t\t\t<h2 class=\"elementor-heading-title elementor-size-default\">Augenbrauen transplantations service<\/h2>\t\t<\/div>\n\t\t\t\t<\/div>\n\t\t\t\t<div class=\"elementor-element elementor-element-1d1273d4 elementor-invisible elementor-widget elementor-widget-text-editor\" data-id=\"1d1273d4\" data-element_type=\"widget\" data-settings=\"{&quot;_animation&quot;:&quot;fadeInUp&quot;}\" data-widget_type=\"text-editor.default\">\n\t\t\t\t<div class=\"elementor-widget-container\">\n\t\t\t\t\t\t\t<p>Red Moon Health\u2019te, <strong>Kartal sa\u00e7 ekimi<\/strong> ve <strong>Maltepe sa\u00e7 ekimi<\/strong> hizmetlerimizin yan\u0131 s\u0131ra, ka\u015f ekimi i\u015flemiyle de seyrek veya d\u00fczensiz ka\u015flar\u0131n\u0131z\u0131 yeniden \u015fekillendirmek i\u00e7in en etkili y\u00f6ntemleri sunuyoruz. Ka\u015f ekimi, genetik fakt\u00f6rler, ya\u015flanma veya kazalar nedeniyle incelmi\u015f ka\u015flar i\u00e7in ideal bir \u00e7\u00f6z\u00fcmd\u00fcr. Uzman ekibimiz, y\u00fcz hatlar\u0131n\u0131za ve ki\u015fisel tercihinize uygun olarak do\u011fal ve estetik bir ka\u015f g\u00f6r\u00fcn\u00fcm\u00fc sa\u011flamak i\u00e7in titizlikle \u00e7al\u0131\u015f\u0131r.<\/p><p>W\u00e4hrend des Eingriffs werden gesunde Haarfollikel aus dem Spenderbereich entnommen und vorsichtig in die L\u00fccken oder d\u00fcnnen Bereiche Ihrer Augenbrauen platziert. Diese Technik schafft eine nat\u00fcrliche Augenbrauenstruktur und sorgt f\u00fcr langfristige Best\u00e4ndigkeit. Der Genesungsprozess nach einer Augenbrauentransplantation verl\u00e4uft in der Regel schnell und Sie werden innerhalb weniger Wochen das nat\u00fcrliche Aussehen Ihrer Augenbrauen haben.<\/p><p>Als Red Moon Health sind wir hier, um Ihnen dabei zu helfen, die vollen und symmetrischen Augenbrauen zu erreichen, die Sie sich w\u00fcnschen, indem wir die neueste Technologie und personalisierte L\u00f6sungen bei der Augenbrauentransplantation nutzen. Kontaktieren Sie uns f\u00fcr das \u00e4sthetische und nat\u00fcrliche Aussehen Ihrer Augenbrauen und profitieren Sie vom hochwertigen Service unseres professionellen Teams.<\/p>\t\t\t\t\t\t<\/div>\n\t\t\t\t<\/div>\n\t\t\t\t\t<\/div>\n\t\t\t\t<\/div>\n\t\t\t\t\t<\/div>\n\t\t\t\t<\/div>\n\t\t\t\t\t<\/div>\n\t\t\t\t<\/div>\n\t\t<div class=\"elementor-element elementor-element-225b9ff4 e-flex e-con-boxed e-con e-parent\" data-id=\"225b9ff4\" data-element_type=\"container\">\n\t\t\t\t\t<div class=\"e-con-inner\">\n\t\t<div class=\"elementor-element elementor-element-41c5d05d e-con-full e-flex e-con e-child\" data-id=\"41c5d05d\" data-element_type=\"container\">\n\t\t\t\t<div class=\"elementor-element elementor-element-12f5fcc7 elementor-invisible elementor-widget elementor-widget-heading\" data-id=\"12f5fcc7\" data-element_type=\"widget\" data-settings=\"{&quot;_animation&quot;:&quot;fadeInUp&quot;}\" data-widget_type=\"heading.default\">\n\t\t\t\t<div class=\"elementor-widget-container\">\n\t\t\t<h6 class=\"elementor-heading-title elementor-size-default\">FAQ<\/h6>\t\t<\/div>\n\t\t\t\t<\/div>\n\t\t\t\t<div class=\"elementor-element elementor-element-4629a38d elementor-invisible elementor-widget elementor-widget-heading\" data-id=\"4629a38d\" data-element_type=\"widget\" data-settings=\"{&quot;_animation&quot;:&quot;fadeInUp&quot;}\" data-widget_type=\"heading.default\">\n\t\t\t\t<div class=\"elementor-widget-container\">\n\t\t\t<h2 class=\"elementor-heading-title elementor-size-default\">H\u00e4ufig gestellte Fragen<\/h2>\t\t<\/div>\n\t\t\t\t<\/div>\n\t\t\t\t<div class=\"elementor-element elementor-element-f0bf3eb elementor-widget-mobile__width-inherit elementor-invisible elementor-widget elementor-widget-text-editor\" data-id=\"f0bf3eb\" data-element_type=\"widget\" data-settings=\"{&quot;_animation&quot;:&quot;fadeInUp&quot;}\" data-widget_type=\"text-editor.default\">\n\t\t\t\t<div class=\"elementor-widget-container\">\n\t\t\t\t\t\t\t<p>Wir haben die am h\u00e4ufigsten gestellten Fragen f\u00fcr Sie beantwortet.<\/p>\t\t\t\t\t\t<\/div>\n\t\t\t\t<\/div>\n\t\t\t\t<div class=\"elementor-element elementor-element-33d5d4a0 elementor-invisible elementor-widget elementor-widget-elementskit-accordion\" data-id=\"33d5d4a0\" data-element_type=\"widget\" data-settings=\"{&quot;_animation&quot;:&quot;fadeInUp&quot;}\" data-widget_type=\"elementskit-accordion.default\">\n\t\t\t\t<div class=\"elementor-widget-container\">\n\t\t\t<div class=\"ekit-wid-con\" >\n        <div class=\"elementskit-accordion accoedion-primary\" id=\"accordion-69f1e9d3bd196\">\n\n            \n                <div class=\"elementskit-card active\">\n                    <div class=\"elementskit-card-header\" id=\"primaryHeading-0-33d5d4a0\">\n                        <a href=\"#collapse-0e6b41f69f1e9d3bd196\" class=\"ekit-accordion--toggler elementskit-btn-link collapsed\" data-ekit-toggle=\"collapse\" data-target=\"#Collapse-0e6b41f69f1e9d3bd196\" aria-expanded=\"true\" aria-controls=\"Collapse-0e6b41f69f1e9d3bd196\">\n                            \n                            <span class=\"ekit-accordion-title\">Wie lange dauert eine Bart- und Schnurrbarttransplantation?<\/span>\n\n                            \n                                <div class=\"ekit_accordion_icon_group\">\n                                    <div class=\"ekit_accordion_normal_icon\">\n                                        <!-- Normal Icon -->\n                                        <i aria-hidden=\"true\" class=\"icon-open icon-right icon icon-down-arrow1\"><\/i>                                    <\/div>\n\n                                    <div class=\"ekit_accordion_active_icon\">\n                                        <!-- Active Icon -->\n                                        <i aria-hidden=\"true\" class=\"icon-closed icon-right icon icon-up-arrow1\"><\/i>                                    <\/div>\n\n                                <\/div>\n\n                            \n                                                    <\/a>\n                    <\/div>\n\n                    <div id=\"Collapse-0e6b41f69f1e9d3bd196\" class=\"show collapse\" aria-labelledby=\"primaryHeading-0-33d5d4a0\" data-parent=\"#accordion-69f1e9d3bd196\">\n\n                        <div class=\"elementskit-card-body ekit-accordion--content\">\n                            <p>Eine Bart- und Schnurrbarttransplantation dauert in der Regel 4-6 Stunden. Die Bearbeitungszeit kann je nach Gr\u00f6\u00dfe der zu bepflanzenden Fl\u00e4che und Anzahl der Wurzeln variieren.<\/p>                        <\/div>\n\n                    <\/div>\n\n                <\/div><!-- .elementskit-card END -->\n\n                \n                <div class=\"elementskit-card\">\n                    <div class=\"elementskit-card-header\" id=\"primaryHeading-1-33d5d4a0\">\n                        <a href=\"#collapse-c67283069f1e9d3bd196\" class=\"ekit-accordion--toggler elementskit-btn-link collapsed\" data-ekit-toggle=\"collapse\" data-target=\"#Collapse-c67283069f1e9d3bd196\" aria-expanded=\"false\" aria-controls=\"Collapse-c67283069f1e9d3bd196\">\n                            \n                            <span class=\"ekit-accordion-title\">Wie verl\u00e4uft der Genesungsprozess nach einer Bart- und Schnurrbarttransplantation?<\/span>\n\n                            \n                                <div class=\"ekit_accordion_icon_group\">\n                                    <div class=\"ekit_accordion_normal_icon\">\n                                        <!-- Normal Icon -->\n                                        <i aria-hidden=\"true\" class=\"icon-open icon-right icon icon-down-arrow1\"><\/i>                                    <\/div>\n\n                                    <div class=\"ekit_accordion_active_icon\">\n                                        <!-- Active Icon -->\n                                        <i aria-hidden=\"true\" class=\"icon-closed icon-right icon icon-up-arrow1\"><\/i>                                    <\/div>\n\n                                <\/div>\n\n                            \n                                                    <\/a>\n                    <\/div>\n\n                    <div id=\"Collapse-c67283069f1e9d3bd196\" class=\"collapse\" aria-labelledby=\"primaryHeading-1-33d5d4a0\" data-parent=\"#accordion-69f1e9d3bd196\">\n\n                        <div class=\"elementskit-card-body ekit-accordion--content\">\n                            <p>Nach einer Bart- und Schnurrbarttransplantation beginnt die Heilung normalerweise innerhalb von 1-2 Wochen. Es kann zu teilweiser Krustenbildung und leichten Beschwerden kommen, die jedoch in der Regel schnell verschwinden.<\/p>                        <\/div>\n\n                    <\/div>\n\n                <\/div><!-- .elementskit-card END -->\n\n                \n                <div class=\"elementskit-card\">\n                    <div class=\"elementskit-card-header\" id=\"primaryHeading-2-33d5d4a0\">\n                        <a href=\"#collapse-6aafcf169f1e9d3bd196\" class=\"ekit-accordion--toggler elementskit-btn-link collapsed\" data-ekit-toggle=\"collapse\" data-target=\"#Collapse-6aafcf169f1e9d3bd196\" aria-expanded=\"false\" aria-controls=\"Collapse-6aafcf169f1e9d3bd196\">\n                            \n                            <span class=\"ekit-accordion-title\">Ist eine Bart- und Schnurrbarttransplantation dauerhaft?<\/span>\n\n                            \n                                <div class=\"ekit_accordion_icon_group\">\n                                    <div class=\"ekit_accordion_normal_icon\">\n                                        <!-- Normal Icon -->\n                                        <i aria-hidden=\"true\" class=\"icon-open icon-right icon icon-down-arrow1\"><\/i>                                    <\/div>\n\n                                    <div class=\"ekit_accordion_active_icon\">\n                                        <!-- Active Icon -->\n                                        <i aria-hidden=\"true\" class=\"icon-closed icon-right icon icon-up-arrow1\"><\/i>                                    <\/div>\n\n                                <\/div>\n\n                            \n                                                    <\/a>\n                    <\/div>\n\n                    <div id=\"Collapse-6aafcf169f1e9d3bd196\" class=\"collapse\" aria-labelledby=\"primaryHeading-2-33d5d4a0\" data-parent=\"#accordion-69f1e9d3bd196\">\n\n                        <div class=\"elementskit-card-body ekit-accordion--content\">\n                            <p>Ja, die Bart- und Schnurrbarttransplantation ist eine dauerhafte L\u00f6sung. Da die aus dem Spenderbereich entnommenen Haarfollikel verlustresistent sind, sorgen sie in den transplantierten Bereichen f\u00fcr langanhaltende Ergebnisse.<\/p>                        <\/div>\n\n                    <\/div>\n\n                <\/div><!-- .elementskit-card END -->\n\n                \n                <div class=\"elementskit-card\">\n                    <div class=\"elementskit-card-header\" id=\"primaryHeading-3-33d5d4a0\">\n                        <a href=\"#collapse-53b2d6869f1e9d3bd196\" class=\"ekit-accordion--toggler elementskit-btn-link collapsed\" data-ekit-toggle=\"collapse\" data-target=\"#Collapse-53b2d6869f1e9d3bd196\" aria-expanded=\"false\" aria-controls=\"Collapse-53b2d6869f1e9d3bd196\">\n                            \n                            <span class=\"ekit-accordion-title\">Was ist nach einer Bart- und Schnurrbarttransplantation zu beachten?<\/span>\n\n                            \n                                <div class=\"ekit_accordion_icon_group\">\n                                    <div class=\"ekit_accordion_normal_icon\">\n                                        <!-- Normal Icon -->\n                                        <i aria-hidden=\"true\" class=\"icon-open icon-right icon icon-down-arrow1\"><\/i>                                    <\/div>\n\n                                    <div class=\"ekit_accordion_active_icon\">\n                                        <!-- Active Icon -->\n                                        <i aria-hidden=\"true\" class=\"icon-closed icon-right icon icon-up-arrow1\"><\/i>                                    <\/div>\n\n                                <\/div>\n\n                            \n                                                    <\/a>\n                    <\/div>\n\n                    <div id=\"Collapse-53b2d6869f1e9d3bd196\" class=\"collapse\" aria-labelledby=\"primaryHeading-3-33d5d4a0\" data-parent=\"#accordion-69f1e9d3bd196\">\n\n                        <div class=\"elementskit-card-body ekit-accordion--content\">\n                            <p>Es ist wichtig, die Pflegehinweise nach der Transplantation zu befolgen. Auf Sauberkeit, Medikamenteneinnahme und Hautpflege zu achten hilft dabei, erfolgreiche Ergebnisse zu erzielen.<\/p>                        <\/div>\n\n                    <\/div>\n\n                <\/div><!-- .elementskit-card END -->\n\n                \n                <div class=\"elementskit-card\">\n                    <div class=\"elementskit-card-header\" id=\"primaryHeading-4-33d5d4a0\">\n                        <a href=\"#collapse-c7f579f69f1e9d3bd196\" class=\"ekit-accordion--toggler elementskit-btn-link collapsed\" data-ekit-toggle=\"collapse\" data-target=\"#Collapse-c7f579f69f1e9d3bd196\" aria-expanded=\"false\" aria-controls=\"Collapse-c7f579f69f1e9d3bd196\">\n                            \n                            <span class=\"ekit-accordion-title\">Ist eine Bart- und Schnurrbarttransplantation f\u00fcr jeden geeignet?<\/span>\n\n                            \n                                <div class=\"ekit_accordion_icon_group\">\n                                    <div class=\"ekit_accordion_normal_icon\">\n                                        <!-- Normal Icon -->\n                                        <i aria-hidden=\"true\" class=\"icon-open icon-right icon icon-down-arrow1\"><\/i>                                    <\/div>\n\n                                    <div class=\"ekit_accordion_active_icon\">\n                                        <!-- Active Icon -->\n                                        <i aria-hidden=\"true\" class=\"icon-closed icon-right icon icon-up-arrow1\"><\/i>                                    <\/div>\n\n                                <\/div>\n\n                            \n                                                    <\/a>\n                    <\/div>\n\n                    <div id=\"Collapse-c7f579f69f1e9d3bd196\" class=\"collapse\" aria-labelledby=\"primaryHeading-4-33d5d4a0\" data-parent=\"#accordion-69f1e9d3bd196\">\n\n                        <div class=\"elementskit-card-body ekit-accordion--content\">\n                            <p>Eine Bart- und Schnurrbarttransplantation ist grunds\u00e4tzlich f\u00fcr gesunde Personen geeignet. Die am besten geeignete Planung wird nach der Beurteilung Ihrer Gesichtsstruktur, Ihrer Hautgesundheit und dem Zustand Ihres Spenderbereichs getroffen.<\/p>                        <\/div>\n\n                    <\/div>\n\n                <\/div><!-- .elementskit-card END -->\n\n                                        <\/div>\n    <\/div>\t\t<\/div>\n\t\t\t\t<\/div>\n\t\t\t\t<\/div>\n\t\t<div class=\"elementor-element elementor-element-81f76e0 e-con-full e-flex e-con e-child\" data-id=\"81f76e0\" data-element_type=\"container\">\n\t\t\t\t<div class=\"elementor-element elementor-element-549db447 elementor-widget-tablet__width-initial elementor-widget-mobile__width-inherit elementor-invisible elementor-widget elementor-widget-image\" data-id=\"549db447\" data-element_type=\"widget\" data-settings=\"{&quot;_animation&quot;:&quot;fadeInUp&quot;}\" data-widget_type=\"image.default\">\n\t\t\t\t<div class=\"elementor-widget-container\">\n\t\t\t\t\t\t\t\t\t\t\t\t\t<img fetchpriority=\"high\" decoding=\"async\" width=\"2560\" height=\"1707\" src=\"https:\/\/www.redmoonhealth.com\/wp-content\/uploads\/2024\/09\/biyik-sakal-ekimi-scaled.jpg.webp\" class=\"attachment-full size-full wp-image-677\" alt=\"\" srcset=\"https:\/\/www.redmoonhealth.com\/wp-content\/uploads\/2024\/09\/biyik-sakal-ekimi-scaled.jpg.webp 2560w, https:\/\/www.redmoonhealth.com\/wp-content\/uploads\/2024\/09\/biyik-sakal-ekimi-scaled.jpg-300x200.webp 300w, https:\/\/www.redmoonhealth.com\/wp-content\/uploads\/2024\/09\/biyik-sakal-ekimi-scaled.jpg-1024x683.webp 1024w, https:\/\/www.redmoonhealth.com\/wp-content\/uploads\/2024\/09\/biyik-sakal-ekimi-scaled.jpg-768x512.webp 768w, https:\/\/www.redmoonhealth.com\/wp-content\/uploads\/2024\/09\/biyik-sakal-ekimi-scaled.jpg-1536x1024.webp 1536w, https:\/\/www.redmoonhealth.com\/wp-content\/uploads\/2024\/09\/biyik-sakal-ekimi-scaled.jpg-2048x1366.webp 2048w\" sizes=\"(max-width: 2560px) 100vw, 2560px\" title=\"\">\t\t\t\t\t\t\t\t\t\t\t\t\t<\/div>\n\t\t\t\t<\/div>\n\t\t\t\t<div class=\"elementor-element elementor-element-7fa2a815 elementor-widget-tablet__width-initial elementor-widget-mobile__width-inherit elementor-icon-list--layout-traditional elementor-list-item-link-full_width elementor-invisible elementor-widget elementor-widget-icon-list\" data-id=\"7fa2a815\" data-element_type=\"widget\" data-settings=\"{&quot;_animation&quot;:&quot;fadeInUp&quot;}\" data-widget_type=\"icon-list.default\">\n\t\t\t\t<div class=\"elementor-widget-container\">\n\t\t\t\t\t<ul class=\"elementor-icon-list-items\">\n\t\t\t\t\t\t\t<li class=\"elementor-icon-list-item\">\n\t\t\t\t\t\t\t\t\t\t\t<span class=\"elementor-icon-list-icon\">\n\t\t\t\t\t\t\t<svg aria-hidden=\"true\" class=\"e-font-icon-svg e-far-check-circle\" viewbox=\"0 0 512 512\" xmlns=\"http:\/\/www.w3.org\/2000\/svg\"><path d=\"M256 8C119.033 8 8 119.033 8 256s111.033 248 248 248 248-111.033 248-248S392.967 8 256 8zm0 48c110.532 0 200 89.451 200 200 0 110.532-89.451 200-200 200-110.532 0-200-89.451-200-200 0-110.532 89.451-200 200-200m140.204 130.267l-22.536-22.718c-4.667-4.705-12.265-4.736-16.97-.068L215.346 303.697l-59.792-60.277c-4.667-4.705-12.265-4.736-16.97-.069l-22.719 22.536c-4.705 4.667-4.736 12.265-.068 16.971l90.781 91.516c4.667 4.705 12.265 4.736 16.97.068l172.589-171.204c4.704-4.668 4.734-12.266.067-16.971z\"><\/path><\/svg>\t\t\t\t\t\t<\/span>\n\t\t\t\t\t\t\t\t\t\t<span class=\"elementor-icon-list-text\">Volle Kontrolle<\/span>\n\t\t\t\t\t\t\t\t\t<\/li>\n\t\t\t\t\t\t\t\t<li class=\"elementor-icon-list-item\">\n\t\t\t\t\t\t\t\t\t\t\t<span class=\"elementor-icon-list-icon\">\n\t\t\t\t\t\t\t<svg aria-hidden=\"true\" class=\"e-font-icon-svg e-far-check-circle\" viewbox=\"0 0 512 512\" xmlns=\"http:\/\/www.w3.org\/2000\/svg\"><path d=\"M256 8C119.033 8 8 119.033 8 256s111.033 248 248 248 248-111.033 248-248S392.967 8 256 8zm0 48c110.532 0 200 89.451 200 200 0 110.532-89.451 200-200 200-110.532 0-200-89.451-200-200 0-110.532 89.451-200 200-200m140.204 130.267l-22.536-22.718c-4.667-4.705-12.265-4.736-16.97-.068L215.346 303.697l-59.792-60.277c-4.667-4.705-12.265-4.736-16.97-.069l-22.719 22.536c-4.705 4.667-4.736 12.265-.068 16.971l90.781 91.516c4.667 4.705 12.265 4.736 16.97.068l172.589-171.204c4.704-4.668 4.734-12.266.067-16.971z\"><\/path><\/svg>\t\t\t\t\t\t<\/span>\n\t\t\t\t\t\t\t\t\t\t<span class=\"elementor-icon-list-text\">L\u00f6sung f\u00fcr sp\u00e4rliche Bereiche<\/span>\n\t\t\t\t\t\t\t\t\t<\/li>\n\t\t\t\t\t\t\t\t<li class=\"elementor-icon-list-item\">\n\t\t\t\t\t\t\t\t\t\t\t<span class=\"elementor-icon-list-icon\">\n\t\t\t\t\t\t\t<svg aria-hidden=\"true\" class=\"e-font-icon-svg e-far-check-circle\" viewbox=\"0 0 512 512\" xmlns=\"http:\/\/www.w3.org\/2000\/svg\"><path d=\"M256 8C119.033 8 8 119.033 8 256s111.033 248 248 248 248-111.033 248-248S392.967 8 256 8zm0 48c110.532 0 200 89.451 200 200 0 110.532-89.451 200-200 200-110.532 0-200-89.451-200-200 0-110.532 89.451-200 200-200m140.204 130.267l-22.536-22.718c-4.667-4.705-12.265-4.736-16.97-.068L215.346 303.697l-59.792-60.277c-4.667-4.705-12.265-4.736-16.97-.069l-22.719 22.536c-4.705 4.667-4.736 12.265-.068 16.971l90.781 91.516c4.667 4.705 12.265 4.736 16.97.068l172.589-171.204c4.704-4.668 4.734-12.266.067-16.971z\"><\/path><\/svg>\t\t\t\t\t\t<\/span>\n\t\t\t\t\t\t\t\t\t\t<span class=\"elementor-icon-list-text\">Schnelle Ergebnisse<\/span>\n\t\t\t\t\t\t\t\t\t<\/li>\n\t\t\t\t\t\t\t\t<li class=\"elementor-icon-list-item\">\n\t\t\t\t\t\t\t\t\t\t\t<span class=\"elementor-icon-list-icon\">\n\t\t\t\t\t\t\t<svg aria-hidden=\"true\" class=\"e-font-icon-svg e-far-check-circle\" viewbox=\"0 0 512 512\" xmlns=\"http:\/\/www.w3.org\/2000\/svg\"><path d=\"M256 8C119.033 8 8 119.033 8 256s111.033 248 248 248 248-111.033 248-248S392.967 8 256 8zm0 48c110.532 0 200 89.451 200 200 0 110.532-89.451 200-200 200-110.532 0-200-89.451-200-200 0-110.532 89.451-200 200-200m140.204 130.267l-22.536-22.718c-4.667-4.705-12.265-4.736-16.97-.068L215.346 303.697l-59.792-60.277c-4.667-4.705-12.265-4.736-16.97-.069l-22.719 22.536c-4.705 4.667-4.736 12.265-.068 16.971l90.781 91.516c4.667 4.705 12.265 4.736 16.97.068l172.589-171.204c4.704-4.668 4.734-12.266.067-16.971z\"><\/path><\/svg>\t\t\t\t\t\t<\/span>\n\t\t\t\t\t\t\t\t\t\t<span class=\"elementor-icon-list-text\">Geringer Wartungsaufwand<\/span>\n\t\t\t\t\t\t\t\t\t<\/li>\n\t\t\t\t\t\t\t\t<li class=\"elementor-icon-list-item\">\n\t\t\t\t\t\t\t\t\t\t\t<span class=\"elementor-icon-list-icon\">\n\t\t\t\t\t\t\t<svg aria-hidden=\"true\" class=\"e-font-icon-svg e-far-check-circle\" viewbox=\"0 0 512 512\" xmlns=\"http:\/\/www.w3.org\/2000\/svg\"><path d=\"M256 8C119.033 8 8 119.033 8 256s111.033 248 248 248 248-111.033 248-248S392.967 8 256 8zm0 48c110.532 0 200 89.451 200 200 0 110.532-89.451 200-200 200-110.532 0-200-89.451-200-200 0-110.532 89.451-200 200-200m140.204 130.267l-22.536-22.718c-4.667-4.705-12.265-4.736-16.97-.068L215.346 303.697l-59.792-60.277c-4.667-4.705-12.265-4.736-16.97-.069l-22.719 22.536c-4.705 4.667-4.736 12.265-.068 16.971l90.781 91.516c4.667 4.705 12.265 4.736 16.97.068l172.589-171.204c4.704-4.668 4.734-12.266.067-16.971z\"><\/path><\/svg>\t\t\t\t\t\t<\/span>\n\t\t\t\t\t\t\t\t\t\t<span class=\"elementor-icon-list-text\">Besondere Note<\/span>\n\t\t\t\t\t\t\t\t\t<\/li>\n\t\t\t\t\t\t<\/ul>\n\t\t\t\t<\/div>\n\t\t\t\t<\/div>\n\t\t\t\t<\/div>\n\t\t\t\t\t<\/div>\n\t\t\t\t<\/div>\n\t\t\t\t<\/div>","protected":false},"excerpt":{"rendered":"<p>Ka\u015f Ekimi ile do\u011fal ve belirgin ka\u015flara sahip olun! Uzman kadromuzla minimal invaziv teknikler kullanarak ki\u015fiye \u00f6zel \u00e7\u00f6z\u00fcmler sunuyoruz. G\u00fcvenli, konforlu bir ortamda ka\u015flar\u0131n\u0131z\u0131 yeniden \u015fekillendirin ve y\u00fcz hatlar\u0131n\u0131z\u0131 vurgulay\u0131n!<\/p>","protected":false},"author":1,"featured_media":708,"parent":0,"menu_order":0,"comment_status":"closed","ping_status":"closed","template":"","meta":{"footnotes":""},"class_list":["post-706","page","type-page","status-publish","has-post-thumbnail","hentry"],"_links":{"self":[{"href":"https:\/\/www.redmoonhealth.com\/de\/wp-json\/wp\/v2\/pages\/706","targetHints":{"allow":["GET"]}}],"collection":[{"href":"https:\/\/www.redmoonhealth.com\/de\/wp-json\/wp\/v2\/pages"}],"about":[{"href":"https:\/\/www.redmoonhealth.com\/de\/wp-json\/wp\/v2\/types\/page"}],"author":[{"embeddable":true,"href":"https:\/\/www.redmoonhealth.com\/de\/wp-json\/wp\/v2\/users\/1"}],"replies":[{"embeddable":true,"href":"https:\/\/www.redmoonhealth.com\/de\/wp-json\/wp\/v2\/comments?post=706"}],"version-history":[{"count":42,"href":"https:\/\/www.redmoonhealth.com\/de\/wp-json\/wp\/v2\/pages\/706\/revisions"}],"predecessor-version":[{"id":1745,"href":"https:\/\/www.redmoonhealth.com\/de\/wp-json\/wp\/v2\/pages\/706\/revisions\/1745"}],"wp:featuredmedia":[{"embeddable":true,"href":"https:\/\/www.redmoonhealth.com\/de\/wp-json\/wp\/v2\/media\/708"}],"wp:attachment":[{"href":"https:\/\/www.redmoonhealth.com\/de\/wp-json\/wp\/v2\/media?parent=706"}],"curies":[{"name":"wp","href":"https:\/\/api.w.org\/{rel}","templated":true}]}}