{"id":1337,"date":"2024-09-24T10:40:34","date_gmt":"2024-09-24T10:40:34","guid":{"rendered":"https:\/\/www.redmoonhealth.com\/?page_id=1337"},"modified":"2024-10-24T11:53:50","modified_gmt":"2024-10-24T11:53:50","slug":"mezoterapi","status":"publish","type":"page","link":"https:\/\/www.redmoonhealth.com\/de\/mesotherapie\/","title":{"rendered":"Mesotherapie"},"content":{"rendered":"<div data-elementor-type=\"wp-page\" data-elementor-id=\"1337\" class=\"elementor elementor-1337\" data-elementor-post-type=\"page\">\n\t\t\t\t<div class=\"elementor-element elementor-element-d3e3fb5 e-flex e-con-boxed elementor-invisible e-con e-parent\" data-id=\"d3e3fb5\" data-element_type=\"container\" data-settings=\"{&quot;background_background&quot;:&quot;classic&quot;,&quot;animation&quot;:&quot;fadeIn&quot;}\">\n\t\t\t\t\t<div class=\"e-con-inner\">\n\t\t<div class=\"elementor-element elementor-element-808a218 e-con-full e-flex e-con e-child\" data-id=\"808a218\" data-element_type=\"container\">\n\t\t\t\t<div class=\"elementor-element elementor-element-ae44b7f elementor-invisible elementor-widget elementor-widget-heading\" data-id=\"ae44b7f\" data-element_type=\"widget\" data-settings=\"{&quot;_animation&quot;:&quot;fadeInDown&quot;}\" data-widget_type=\"heading.default\">\n\t\t\t\t<div class=\"elementor-widget-container\">\n\t\t\t<h1 class=\"elementor-heading-title elementor-size-default\">Mesotherapie<\/h1>\t\t<\/div>\n\t\t\t\t<\/div>\n\t\t\t\t<div class=\"elementor-element elementor-element-5b14a2e elementor-invisible elementor-widget elementor-widget-text-editor\" data-id=\"5b14a2e\" data-element_type=\"widget\" data-settings=\"{&quot;_animation&quot;:&quot;fadeInUp&quot;}\" data-widget_type=\"text-editor.default\">\n\t\t\t\t<div class=\"elementor-widget-container\">\n\t\t\t\t\t\t\t<p>Als Red Moon Health sind wir stolz darauf, Ihnen unseren Mesotherapie-Service anbieten zu k\u00f6nnen, der eine wirksame L\u00f6sung gegen Haarausfall und Hautprobleme bietet.<\/p>\t\t\t\t\t\t<\/div>\n\t\t\t\t<\/div>\n\t\t\t\t<\/div>\n\t\t\t\t\t<\/div>\n\t\t\t\t<\/div>\n\t\t<div class=\"elementor-element elementor-element-8b38f21 e-flex e-con-boxed e-con e-parent\" data-id=\"8b38f21\" data-element_type=\"container\">\n\t\t\t\t\t<div class=\"e-con-inner\">\n\t\t<div class=\"elementor-element elementor-element-d48ae6a e-flex e-con-boxed e-con e-child\" data-id=\"d48ae6a\" data-element_type=\"container\">\n\t\t\t\t\t<div class=\"e-con-inner\">\n\t\t<div class=\"elementor-element elementor-element-5ffdf20 e-flex e-con-boxed e-con e-child\" data-id=\"5ffdf20\" data-element_type=\"container\" data-settings=\"{&quot;background_background&quot;:&quot;classic&quot;}\">\n\t\t\t\t\t<div class=\"e-con-inner\">\n\t\t\t\t<div class=\"elementor-element elementor-element-6953fb5 elementor-widget elementor-widget-spacer\" data-id=\"6953fb5\" data-element_type=\"widget\" data-widget_type=\"spacer.default\">\n\t\t\t\t<div class=\"elementor-widget-container\">\n\t\t\t\t\t<div class=\"elementor-spacer\">\n\t\t\t<div class=\"elementor-spacer-inner\"><\/div>\n\t\t<\/div>\n\t\t\t\t<\/div>\n\t\t\t\t<\/div>\n\t\t\t\t\t<\/div>\n\t\t\t\t<\/div>\n\t\t<div class=\"elementor-element elementor-element-48ed158 e-flex e-con-boxed e-con e-child\" data-id=\"48ed158\" data-element_type=\"container\">\n\t\t\t\t\t<div class=\"e-con-inner\">\n\t\t\t\t<div class=\"elementor-element elementor-element-3ea1527 elementor-invisible elementor-widget elementor-widget-heading\" data-id=\"3ea1527\" data-element_type=\"widget\" data-settings=\"{&quot;_animation&quot;:&quot;fadeInUp&quot;}\" data-widget_type=\"heading.default\">\n\t\t\t\t<div class=\"elementor-widget-container\">\n\t\t\t<h2 class=\"elementor-heading-title elementor-size-default\">Mesotherapie-Service (Haare und Haut)<\/h2>\t\t<\/div>\n\t\t\t\t<\/div>\n\t\t\t\t<div class=\"elementor-element elementor-element-a5cc3d2 elementor-invisible elementor-widget elementor-widget-text-editor\" data-id=\"a5cc3d2\" data-element_type=\"widget\" data-settings=\"{&quot;_animation&quot;:&quot;fadeInUp&quot;}\" data-widget_type=\"text-editor.default\">\n\t\t\t\t<div class=\"elementor-widget-container\">\n\t\t\t\t\t\t\t<p>Red Moon Health legt bei Mesotherapie-Dienstleistungen gro\u00dfen Wert auf Qualit\u00e4t und Vertrauen. Unser Expertenteam besteht aus erfahrenen Fachleuten auf ihrem Gebiet und bietet jedem Patienten individuelle Behandlungspl\u00e4ne. Wir sorgen daf\u00fcr, dass Sie in einer modernen und hygienischen Umgebung mit Ger\u00e4ten, die mit den neuesten Technologien ausgestattet sind, die effektivsten Ergebnisse erzielen.<\/p><p>Da wir der Kundenzufriedenheit gro\u00dfe Bedeutung beimessen, informieren wir Sie dar\u00fcber hinaus bei jedem Schritt und sorgen f\u00fcr einen transparenten Prozess. Mit nat\u00fcrlichen Inhaltsstoffen zubereitete Mesotherapie-Mischungen sind speziell f\u00fcr die Gesundheit Ihrer Haare und Haut entwickelt. Red Moon Health hilft Ihnen mit seinem zuverl\u00e4ssigen Serviceansatz und hohen Erfolgsquoten dabei, gesunde und \u00e4sthetische Ergebnisse zu erzielen. Es ist Zeit, die Gesundheit Ihrer Haare und Haut zu verbessern!<\/p>\t\t\t\t\t\t<\/div>\n\t\t\t\t<\/div>\n\t\t\t\t\t<\/div>\n\t\t\t\t<\/div>\n\t\t\t\t\t<\/div>\n\t\t\t\t<\/div>\n\t\t\t\t\t<\/div>\n\t\t\t\t<\/div>\n\t\t<div class=\"elementor-element elementor-element-225b9ff4 e-flex e-con-boxed e-con e-parent\" data-id=\"225b9ff4\" data-element_type=\"container\">\n\t\t\t\t\t<div class=\"e-con-inner\">\n\t\t<div class=\"elementor-element elementor-element-41c5d05d e-con-full e-flex e-con e-child\" data-id=\"41c5d05d\" data-element_type=\"container\">\n\t\t\t\t<div class=\"elementor-element elementor-element-12f5fcc7 elementor-invisible elementor-widget elementor-widget-heading\" data-id=\"12f5fcc7\" data-element_type=\"widget\" data-settings=\"{&quot;_animation&quot;:&quot;fadeInUp&quot;}\" data-widget_type=\"heading.default\">\n\t\t\t\t<div class=\"elementor-widget-container\">\n\t\t\t<h6 class=\"elementor-heading-title elementor-size-default\">FAQ<\/h6>\t\t<\/div>\n\t\t\t\t<\/div>\n\t\t\t\t<div class=\"elementor-element elementor-element-4629a38d elementor-invisible elementor-widget elementor-widget-heading\" data-id=\"4629a38d\" data-element_type=\"widget\" data-settings=\"{&quot;_animation&quot;:&quot;fadeInUp&quot;}\" data-widget_type=\"heading.default\">\n\t\t\t\t<div class=\"elementor-widget-container\">\n\t\t\t<h2 class=\"elementor-heading-title elementor-size-default\">H\u00e4ufig gestellte Fragen<\/h2>\t\t<\/div>\n\t\t\t\t<\/div>\n\t\t\t\t<div class=\"elementor-element elementor-element-f0bf3eb elementor-widget-mobile__width-inherit elementor-invisible elementor-widget elementor-widget-text-editor\" data-id=\"f0bf3eb\" data-element_type=\"widget\" data-settings=\"{&quot;_animation&quot;:&quot;fadeInUp&quot;}\" data-widget_type=\"text-editor.default\">\n\t\t\t\t<div class=\"elementor-widget-container\">\n\t\t\t\t\t\t\t<p>Wir haben die am h\u00e4ufigsten gestellten Fragen f\u00fcr Sie beantwortet.<\/p>\t\t\t\t\t\t<\/div>\n\t\t\t\t<\/div>\n\t\t\t\t<div class=\"elementor-element elementor-element-33d5d4a0 elementor-invisible elementor-widget elementor-widget-elementskit-accordion\" data-id=\"33d5d4a0\" data-element_type=\"widget\" data-settings=\"{&quot;_animation&quot;:&quot;fadeInUp&quot;}\" data-widget_type=\"elementskit-accordion.default\">\n\t\t\t\t<div class=\"elementor-widget-container\">\n\t\t\t<div class=\"ekit-wid-con\" >\n        <div class=\"elementskit-accordion accoedion-primary\" id=\"accordion-69f1ea0b82aed\">\n\n            \n                <div class=\"elementskit-card active\">\n                    <div class=\"elementskit-card-header\" id=\"primaryHeading-0-33d5d4a0\">\n                        <a href=\"#collapse-0e6b41f69f1ea0b82aed\" class=\"ekit-accordion--toggler elementskit-btn-link collapsed\" data-ekit-toggle=\"collapse\" data-target=\"#Collapse-0e6b41f69f1ea0b82aed\" aria-expanded=\"true\" aria-controls=\"Collapse-0e6b41f69f1ea0b82aed\">\n                            \n                            <span class=\"ekit-accordion-title\">Was ist Mesotherapie?<\/span>\n\n                            \n                                <div class=\"ekit_accordion_icon_group\">\n                                    <div class=\"ekit_accordion_normal_icon\">\n                                        <!-- Normal Icon -->\n                                        <i aria-hidden=\"true\" class=\"icon-open icon-right icon icon-down-arrow1\"><\/i>                                    <\/div>\n\n                                    <div class=\"ekit_accordion_active_icon\">\n                                        <!-- Active Icon -->\n                                        <i aria-hidden=\"true\" class=\"icon-closed icon-right icon icon-up-arrow1\"><\/i>                                    <\/div>\n\n                                <\/div>\n\n                            \n                                                    <\/a>\n                    <\/div>\n\n                    <div id=\"Collapse-0e6b41f69f1ea0b82aed\" class=\"show collapse\" aria-labelledby=\"primaryHeading-0-33d5d4a0\" data-parent=\"#accordion-69f1ea0b82aed\">\n\n                        <div class=\"elementskit-card-body ekit-accordion--content\">\n                            <p>Bei der Mesotherapie handelt es sich um eine Behandlungsmethode, bei der Vitamine, Mineralien und andere N\u00e4hrstoffe unter die Haut gespritzt werden. Es wird sowohl zur Reduzierung des Haarausfalls als auch zur Verbesserung der Hautgesundheit eingesetzt; Auf diese Weise werden zwar die Haarfollikel gest\u00e4rkt, gleichzeitig aber auch das Auftreten feiner Linien und F\u00e4ltchen auf der Haut reduziert.<\/p>                        <\/div>\n\n                    <\/div>\n\n                <\/div><!-- .elementskit-card END -->\n\n                \n                <div class=\"elementskit-card\">\n                    <div class=\"elementskit-card-header\" id=\"primaryHeading-1-33d5d4a0\">\n                        <a href=\"#collapse-c67283069f1ea0b82aed\" class=\"ekit-accordion--toggler elementskit-btn-link collapsed\" data-ekit-toggle=\"collapse\" data-target=\"#Collapse-c67283069f1ea0b82aed\" aria-expanded=\"false\" aria-controls=\"Collapse-c67283069f1ea0b82aed\">\n                            \n                            <span class=\"ekit-accordion-title\">Wie wird Mesotherapie durchgef\u00fchrt?<\/span>\n\n                            \n                                <div class=\"ekit_accordion_icon_group\">\n                                    <div class=\"ekit_accordion_normal_icon\">\n                                        <!-- Normal Icon -->\n                                        <i aria-hidden=\"true\" class=\"icon-open icon-right icon icon-down-arrow1\"><\/i>                                    <\/div>\n\n                                    <div class=\"ekit_accordion_active_icon\">\n                                        <!-- Active Icon -->\n                                        <i aria-hidden=\"true\" class=\"icon-closed icon-right icon icon-up-arrow1\"><\/i>                                    <\/div>\n\n                                <\/div>\n\n                            \n                                                    <\/a>\n                    <\/div>\n\n                    <div id=\"Collapse-c67283069f1ea0b82aed\" class=\"collapse\" aria-labelledby=\"primaryHeading-1-33d5d4a0\" data-parent=\"#accordion-69f1ea0b82aed\">\n\n                        <div class=\"elementskit-card-body ekit-accordion--content\">\n                            <p>W\u00e4hrend des Eingriffs werden mit speziellen Nadeln hergestellte L\u00f6sungen unter die Haut injiziert. Die Anwendung erfolgt in der Regel unter \u00f6rtlicher Bet\u00e4ubung, wodurch das Schmerzempfinden minimiert wird.<\/p>                        <\/div>\n\n                    <\/div>\n\n                <\/div><!-- .elementskit-card END -->\n\n                \n                <div class=\"elementskit-card\">\n                    <div class=\"elementskit-card-header\" id=\"primaryHeading-2-33d5d4a0\">\n                        <a href=\"#collapse-6aafcf169f1ea0b82aed\" class=\"ekit-accordion--toggler elementskit-btn-link collapsed\" data-ekit-toggle=\"collapse\" data-target=\"#Collapse-6aafcf169f1ea0b82aed\" aria-expanded=\"false\" aria-controls=\"Collapse-6aafcf169f1ea0b82aed\">\n                            \n                            <span class=\"ekit-accordion-title\">Was sind die Vorteile der Mesotherapie?<\/span>\n\n                            \n                                <div class=\"ekit_accordion_icon_group\">\n                                    <div class=\"ekit_accordion_normal_icon\">\n                                        <!-- Normal Icon -->\n                                        <i aria-hidden=\"true\" class=\"icon-open icon-right icon icon-down-arrow1\"><\/i>                                    <\/div>\n\n                                    <div class=\"ekit_accordion_active_icon\">\n                                        <!-- Active Icon -->\n                                        <i aria-hidden=\"true\" class=\"icon-closed icon-right icon icon-up-arrow1\"><\/i>                                    <\/div>\n\n                                <\/div>\n\n                            \n                                                    <\/a>\n                    <\/div>\n\n                    <div id=\"Collapse-6aafcf169f1ea0b82aed\" class=\"collapse\" aria-labelledby=\"primaryHeading-2-33d5d4a0\" data-parent=\"#accordion-69f1ea0b82aed\">\n\n                        <div class=\"elementskit-card-body ekit-accordion--content\">\n                            <p>Die Mesotherapie bietet eine Behandlung mit nat\u00fcrlichen Inhaltsstoffen, liefert schnelle Ergebnisse und kann mit personalisierten Formeln angewendet werden. Dar\u00fcber hinaus gibt es nach dem Eingriff in der Regel eine schnelle Erholungsphase.<\/p>                        <\/div>\n\n                    <\/div>\n\n                <\/div><!-- .elementskit-card END -->\n\n                \n                <div class=\"elementskit-card\">\n                    <div class=\"elementskit-card-header\" id=\"primaryHeading-3-33d5d4a0\">\n                        <a href=\"#collapse-53b2d6869f1ea0b82aed\" class=\"ekit-accordion--toggler elementskit-btn-link collapsed\" data-ekit-toggle=\"collapse\" data-target=\"#Collapse-53b2d6869f1ea0b82aed\" aria-expanded=\"false\" aria-controls=\"Collapse-53b2d6869f1ea0b82aed\">\n                            \n                            <span class=\"ekit-accordion-title\">Wann sind die Ergebnisse nach der Mesotherapie sichtbar?<\/span>\n\n                            \n                                <div class=\"ekit_accordion_icon_group\">\n                                    <div class=\"ekit_accordion_normal_icon\">\n                                        <!-- Normal Icon -->\n                                        <i aria-hidden=\"true\" class=\"icon-open icon-right icon icon-down-arrow1\"><\/i>                                    <\/div>\n\n                                    <div class=\"ekit_accordion_active_icon\">\n                                        <!-- Active Icon -->\n                                        <i aria-hidden=\"true\" class=\"icon-closed icon-right icon icon-up-arrow1\"><\/i>                                    <\/div>\n\n                                <\/div>\n\n                            \n                                                    <\/a>\n                    <\/div>\n\n                    <div id=\"Collapse-53b2d6869f1ea0b82aed\" class=\"collapse\" aria-labelledby=\"primaryHeading-3-33d5d4a0\" data-parent=\"#accordion-69f1ea0b82aed\">\n\n                        <div class=\"elementskit-card-body ekit-accordion--content\">\n                            <p>Nach der Anwendung der Mesotherapie sind die ersten Ergebnisse in der Regel innerhalb weniger Wochen sichtbar. Um die effektivsten Ergebnisse zu erzielen, werden jedoch mehrere Sitzungen empfohlen.<\/p>                        <\/div>\n\n                    <\/div>\n\n                <\/div><!-- .elementskit-card END -->\n\n                \n                <div class=\"elementskit-card\">\n                    <div class=\"elementskit-card-header\" id=\"primaryHeading-4-33d5d4a0\">\n                        <a href=\"#collapse-c7f579f69f1ea0b82aed\" class=\"ekit-accordion--toggler elementskit-btn-link collapsed\" data-ekit-toggle=\"collapse\" data-target=\"#Collapse-c7f579f69f1ea0b82aed\" aria-expanded=\"false\" aria-controls=\"Collapse-c7f579f69f1ea0b82aed\">\n                            \n                            <span class=\"ekit-accordion-title\">Gibt es Nebenwirkungen?<\/span>\n\n                            \n                                <div class=\"ekit_accordion_icon_group\">\n                                    <div class=\"ekit_accordion_normal_icon\">\n                                        <!-- Normal Icon -->\n                                        <i aria-hidden=\"true\" class=\"icon-open icon-right icon icon-down-arrow1\"><\/i>                                    <\/div>\n\n                                    <div class=\"ekit_accordion_active_icon\">\n                                        <!-- Active Icon -->\n                                        <i aria-hidden=\"true\" class=\"icon-closed icon-right icon icon-up-arrow1\"><\/i>                                    <\/div>\n\n                                <\/div>\n\n                            \n                                                    <\/a>\n                    <\/div>\n\n                    <div id=\"Collapse-c7f579f69f1ea0b82aed\" class=\"collapse\" aria-labelledby=\"primaryHeading-4-33d5d4a0\" data-parent=\"#accordion-69f1ea0b82aed\">\n\n                        <div class=\"elementskit-card-body ekit-accordion--content\">\n                            <div class=\"flex max-w-full flex-col flex-grow\"><div class=\"min-h-[20px] text-message flex w-full flex-col items-end gap-2 whitespace-normal break-words [.text-message+&amp;]:mt-5\"><div class=\"flex w-full flex-col gap-1 empty:hidden first:pt-[3px]\"><div class=\"markdown prose w-full break-words dark:prose-invert dark\"><p>Die Mesotherapie ist im Allgemeinen eine sichere Methode, allerdings kann es nach dem Eingriff zu leichten R\u00f6tungen, Schwellungen oder Druckempfindlichkeit kommen. Diese Effekte verschwinden normalerweise nach kurzer Zeit. Bei Allergien oder anderen Nebenwirkungen ist es jedoch wichtig, Ihren Facharzt zu konsultieren.<\/p><\/div><\/div><\/div><\/div>                        <\/div>\n\n                    <\/div>\n\n                <\/div><!-- .elementskit-card END -->\n\n                                        <\/div>\n    <\/div>\t\t<\/div>\n\t\t\t\t<\/div>\n\t\t\t\t<\/div>\n\t\t<div class=\"elementor-element elementor-element-81f76e0 e-con-full e-flex e-con e-child\" data-id=\"81f76e0\" data-element_type=\"container\">\n\t\t\t\t<div class=\"elementor-element elementor-element-549db447 elementor-widget-tablet__width-initial elementor-widget-mobile__width-inherit elementor-invisible elementor-widget elementor-widget-image\" data-id=\"549db447\" data-element_type=\"widget\" data-settings=\"{&quot;_animation&quot;:&quot;fadeInUp&quot;}\" data-widget_type=\"image.default\">\n\t\t\t\t<div class=\"elementor-widget-container\">\n\t\t\t\t\t\t\t\t\t\t\t\t\t<img fetchpriority=\"high\" decoding=\"async\" width=\"1800\" height=\"1200\" src=\"https:\/\/www.redmoonhealth.com\/wp-content\/uploads\/2024\/09\/adult-male-looking-his-hair_23-2149106319.webp\" class=\"attachment-full size-full wp-image-1356\" alt=\"\" srcset=\"https:\/\/www.redmoonhealth.com\/wp-content\/uploads\/2024\/09\/adult-male-looking-his-hair_23-2149106319.webp 1800w, https:\/\/www.redmoonhealth.com\/wp-content\/uploads\/2024\/09\/adult-male-looking-his-hair_23-2149106319-300x200.webp 300w, https:\/\/www.redmoonhealth.com\/wp-content\/uploads\/2024\/09\/adult-male-looking-his-hair_23-2149106319-1024x683.webp 1024w, https:\/\/www.redmoonhealth.com\/wp-content\/uploads\/2024\/09\/adult-male-looking-his-hair_23-2149106319-768x512.webp 768w, https:\/\/www.redmoonhealth.com\/wp-content\/uploads\/2024\/09\/adult-male-looking-his-hair_23-2149106319-1536x1024.webp 1536w\" sizes=\"(max-width: 1800px) 100vw, 1800px\" title=\"\">\t\t\t\t\t\t\t\t\t\t\t\t\t<\/div>\n\t\t\t\t<\/div>\n\t\t\t\t<div class=\"elementor-element elementor-element-7fa2a815 elementor-widget-tablet__width-initial elementor-widget-mobile__width-inherit elementor-icon-list--layout-traditional elementor-list-item-link-full_width elementor-invisible elementor-widget elementor-widget-icon-list\" data-id=\"7fa2a815\" data-element_type=\"widget\" data-settings=\"{&quot;_animation&quot;:&quot;fadeInUp&quot;}\" data-widget_type=\"icon-list.default\">\n\t\t\t\t<div class=\"elementor-widget-container\">\n\t\t\t\t\t<ul class=\"elementor-icon-list-items\">\n\t\t\t\t\t\t\t<li class=\"elementor-icon-list-item\">\n\t\t\t\t\t\t\t\t\t\t\t<span class=\"elementor-icon-list-icon\">\n\t\t\t\t\t\t\t<svg aria-hidden=\"true\" class=\"e-font-icon-svg e-far-check-circle\" viewbox=\"0 0 512 512\" xmlns=\"http:\/\/www.w3.org\/2000\/svg\"><path d=\"M256 8C119.033 8 8 119.033 8 256s111.033 248 248 248 248-111.033 248-248S392.967 8 256 8zm0 48c110.532 0 200 89.451 200 200 0 110.532-89.451 200-200 200-110.532 0-200-89.451-200-200 0-110.532 89.451-200 200-200m140.204 130.267l-22.536-22.718c-4.667-4.705-12.265-4.736-16.97-.068L215.346 303.697l-59.792-60.277c-4.667-4.705-12.265-4.736-16.97-.069l-22.719 22.536c-4.705 4.667-4.736 12.265-.068 16.971l90.781 91.516c4.667 4.705 12.265 4.736 16.97.068l172.589-171.204c4.704-4.668 4.734-12.266.067-16.971z\"><\/path><\/svg>\t\t\t\t\t\t<\/span>\n\t\t\t\t\t\t\t\t\t\t<span class=\"elementor-icon-list-text\">Verbessert die Haargesundheit<\/span>\n\t\t\t\t\t\t\t\t\t<\/li>\n\t\t\t\t\t\t\t\t<li class=\"elementor-icon-list-item\">\n\t\t\t\t\t\t\t\t\t\t\t<span class=\"elementor-icon-list-icon\">\n\t\t\t\t\t\t\t<svg aria-hidden=\"true\" class=\"e-font-icon-svg e-far-check-circle\" viewbox=\"0 0 512 512\" xmlns=\"http:\/\/www.w3.org\/2000\/svg\"><path d=\"M256 8C119.033 8 8 119.033 8 256s111.033 248 248 248 248-111.033 248-248S392.967 8 256 8zm0 48c110.532 0 200 89.451 200 200 0 110.532-89.451 200-200 200-110.532 0-200-89.451-200-200 0-110.532 89.451-200 200-200m140.204 130.267l-22.536-22.718c-4.667-4.705-12.265-4.736-16.97-.068L215.346 303.697l-59.792-60.277c-4.667-4.705-12.265-4.736-16.97-.069l-22.719 22.536c-4.705 4.667-4.736 12.265-.068 16.971l90.781 91.516c4.667 4.705 12.265 4.736 16.97.068l172.589-171.204c4.704-4.668 4.734-12.266.067-16.971z\"><\/path><\/svg>\t\t\t\t\t\t<\/span>\n\t\t\t\t\t\t\t\t\t\t<span class=\"elementor-icon-list-text\">Hautverj\u00fcngung<\/span>\n\t\t\t\t\t\t\t\t\t<\/li>\n\t\t\t\t\t\t\t\t<li class=\"elementor-icon-list-item\">\n\t\t\t\t\t\t\t\t\t\t\t<span class=\"elementor-icon-list-icon\">\n\t\t\t\t\t\t\t<svg aria-hidden=\"true\" class=\"e-font-icon-svg e-far-check-circle\" viewbox=\"0 0 512 512\" xmlns=\"http:\/\/www.w3.org\/2000\/svg\"><path d=\"M256 8C119.033 8 8 119.033 8 256s111.033 248 248 248 248-111.033 248-248S392.967 8 256 8zm0 48c110.532 0 200 89.451 200 200 0 110.532-89.451 200-200 200-110.532 0-200-89.451-200-200 0-110.532 89.451-200 200-200m140.204 130.267l-22.536-22.718c-4.667-4.705-12.265-4.736-16.97-.068L215.346 303.697l-59.792-60.277c-4.667-4.705-12.265-4.736-16.97-.069l-22.719 22.536c-4.705 4.667-4.736 12.265-.068 16.971l90.781 91.516c4.667 4.705 12.265 4.736 16.97.068l172.589-171.204c4.704-4.668 4.734-12.266.067-16.971z\"><\/path><\/svg>\t\t\t\t\t\t<\/span>\n\t\t\t\t\t\t\t\t\t\t<span class=\"elementor-icon-list-text\">Feuchtigkeitsausgleicher<\/span>\n\t\t\t\t\t\t\t\t\t<\/li>\n\t\t\t\t\t\t\t\t<li class=\"elementor-icon-list-item\">\n\t\t\t\t\t\t\t\t\t\t\t<span class=\"elementor-icon-list-icon\">\n\t\t\t\t\t\t\t<svg aria-hidden=\"true\" class=\"e-font-icon-svg e-far-check-circle\" viewbox=\"0 0 512 512\" xmlns=\"http:\/\/www.w3.org\/2000\/svg\"><path d=\"M256 8C119.033 8 8 119.033 8 256s111.033 248 248 248 248-111.033 248-248S392.967 8 256 8zm0 48c110.532 0 200 89.451 200 200 0 110.532-89.451 200-200 200-110.532 0-200-89.451-200-200 0-110.532 89.451-200 200-200m140.204 130.267l-22.536-22.718c-4.667-4.705-12.265-4.736-16.97-.068L215.346 303.697l-59.792-60.277c-4.667-4.705-12.265-4.736-16.97-.069l-22.719 22.536c-4.705 4.667-4.736 12.265-.068 16.971l90.781 91.516c4.667 4.705 12.265 4.736 16.97.068l172.589-171.204c4.704-4.668 4.734-12.266.067-16.971z\"><\/path><\/svg>\t\t\t\t\t\t<\/span>\n\t\t\t\t\t\t\t\t\t\t<span class=\"elementor-icon-list-text\">Erh\u00f6ht die Durchblutung<\/span>\n\t\t\t\t\t\t\t\t\t<\/li>\n\t\t\t\t\t\t\t\t<li class=\"elementor-icon-list-item\">\n\t\t\t\t\t\t\t\t\t\t\t<span class=\"elementor-icon-list-icon\">\n\t\t\t\t\t\t\t<svg aria-hidden=\"true\" class=\"e-font-icon-svg e-far-check-circle\" viewbox=\"0 0 512 512\" xmlns=\"http:\/\/www.w3.org\/2000\/svg\"><path d=\"M256 8C119.033 8 8 119.033 8 256s111.033 248 248 248 248-111.033 248-248S392.967 8 256 8zm0 48c110.532 0 200 89.451 200 200 0 110.532-89.451 200-200 200-110.532 0-200-89.451-200-200 0-110.532 89.451-200 200-200m140.204 130.267l-22.536-22.718c-4.667-4.705-12.265-4.736-16.97-.068L215.346 303.697l-59.792-60.277c-4.667-4.705-12.265-4.736-16.97-.069l-22.719 22.536c-4.705 4.667-4.736 12.265-.068 16.971l90.781 91.516c4.667 4.705 12.265 4.736 16.97.068l172.589-171.204c4.704-4.668 4.734-12.266.067-16.971z\"><\/path><\/svg>\t\t\t\t\t\t<\/span>\n\t\t\t\t\t\t\t\t\t\t<span class=\"elementor-icon-list-text\">Pers\u00f6nliche Bewerbung<\/span>\n\t\t\t\t\t\t\t\t\t<\/li>\n\t\t\t\t\t\t<\/ul>\n\t\t\t\t<\/div>\n\t\t\t\t<\/div>\n\t\t\t\t<\/div>\n\t\t\t\t\t<\/div>\n\t\t\t\t<\/div>\n\t\t\t\t<\/div>","protected":false},"excerpt":{"rendered":"<p>Mezoterapi ile cildinize derinlemesine beslenme ve yenilenme sa\u011flay\u0131n! Ki\u015fiye \u00f6zel uygulamalarla cilt lekeleri, ya\u015flanma belirtileri ve sa\u00e7 d\u00f6k\u00fclmesine kar\u015f\u0131 etkili \u00e7\u00f6z\u00fcmler sunuyoruz. Uzman kadromuzla sa\u011fl\u0131kl\u0131 bir cilt ve canl\u0131 sa\u00e7lara ula\u015f\u0131n!<\/p>","protected":false},"author":1,"featured_media":1352,"parent":0,"menu_order":0,"comment_status":"closed","ping_status":"closed","template":"","meta":{"footnotes":""},"class_list":["post-1337","page","type-page","status-publish","has-post-thumbnail","hentry"],"_links":{"self":[{"href":"https:\/\/www.redmoonhealth.com\/de\/wp-json\/wp\/v2\/pages\/1337","targetHints":{"allow":["GET"]}}],"collection":[{"href":"https:\/\/www.redmoonhealth.com\/de\/wp-json\/wp\/v2\/pages"}],"about":[{"href":"https:\/\/www.redmoonhealth.com\/de\/wp-json\/wp\/v2\/types\/page"}],"author":[{"embeddable":true,"href":"https:\/\/www.redmoonhealth.com\/de\/wp-json\/wp\/v2\/users\/1"}],"replies":[{"embeddable":true,"href":"https:\/\/www.redmoonhealth.com\/de\/wp-json\/wp\/v2\/comments?post=1337"}],"version-history":[{"count":21,"href":"https:\/\/www.redmoonhealth.com\/de\/wp-json\/wp\/v2\/pages\/1337\/revisions"}],"predecessor-version":[{"id":1653,"href":"https:\/\/www.redmoonhealth.com\/de\/wp-json\/wp\/v2\/pages\/1337\/revisions\/1653"}],"wp:featuredmedia":[{"embeddable":true,"href":"https:\/\/www.redmoonhealth.com\/de\/wp-json\/wp\/v2\/media\/1352"}],"wp:attachment":[{"href":"https:\/\/www.redmoonhealth.com\/de\/wp-json\/wp\/v2\/media?parent=1337"}],"curies":[{"name":"wp","href":"https:\/\/api.w.org\/{rel}","templated":true}]}}