{"id":1238,"date":"2024-09-24T08:26:29","date_gmt":"2024-09-24T08:26:29","guid":{"rendered":"https:\/\/www.redmoonhealth.com\/?page_id=1238"},"modified":"2024-10-24T11:26:39","modified_gmt":"2024-10-24T11:26:39","slug":"safir-fue-sac-ekimi","status":"publish","type":"page","link":"https:\/\/www.redmoonhealth.com\/de\/saphir-fue-haartransplantation\/","title":{"rendered":"Saphir-Fue-Haartransplantation"},"content":{"rendered":"<div data-elementor-type=\"wp-page\" data-elementor-id=\"1238\" class=\"elementor elementor-1238\" data-elementor-post-type=\"page\">\n\t\t\t\t<div class=\"elementor-element elementor-element-d3e3fb5 e-flex e-con-boxed elementor-invisible e-con e-parent\" data-id=\"d3e3fb5\" data-element_type=\"container\" data-settings=\"{&quot;background_background&quot;:&quot;classic&quot;,&quot;animation&quot;:&quot;fadeIn&quot;}\">\n\t\t\t\t\t<div class=\"e-con-inner\">\n\t\t<div class=\"elementor-element elementor-element-808a218 e-con-full e-flex e-con e-child\" data-id=\"808a218\" data-element_type=\"container\">\n\t\t\t\t<div class=\"elementor-element elementor-element-ae44b7f elementor-invisible elementor-widget elementor-widget-heading\" data-id=\"ae44b7f\" data-element_type=\"widget\" data-settings=\"{&quot;_animation&quot;:&quot;fadeInDown&quot;}\" data-widget_type=\"heading.default\">\n\t\t\t\t<div class=\"elementor-widget-container\">\n\t\t\t<h1 class=\"elementor-heading-title elementor-size-default\">Saphir-Fue-Haartransplantation<\/h1>\t\t<\/div>\n\t\t\t\t<\/div>\n\t\t\t\t<div class=\"elementor-element elementor-element-5b14a2e elementor-invisible elementor-widget elementor-widget-text-editor\" data-id=\"5b14a2e\" data-element_type=\"widget\" data-settings=\"{&quot;_animation&quot;:&quot;fadeInUp&quot;}\" data-widget_type=\"text-editor.default\">\n\t\t\t\t<div class=\"elementor-widget-container\">\n\t\t\t\t\t\t\t<p>Red Moon Health bietet mit seinem erfahrenen Fachpersonal und moderner Ausr\u00fcstung die h\u00f6chsten Standards bei der Safir FUE-Haartransplantation.<\/p>\t\t\t\t\t\t<\/div>\n\t\t\t\t<\/div>\n\t\t\t\t<\/div>\n\t\t\t\t\t<\/div>\n\t\t\t\t<\/div>\n\t\t<div class=\"elementor-element elementor-element-8b38f21 e-flex e-con-boxed e-con e-parent\" data-id=\"8b38f21\" data-element_type=\"container\">\n\t\t\t\t\t<div class=\"e-con-inner\">\n\t\t<div class=\"elementor-element elementor-element-d48ae6a e-flex e-con-boxed e-con e-child\" data-id=\"d48ae6a\" data-element_type=\"container\">\n\t\t\t\t\t<div class=\"e-con-inner\">\n\t\t<div class=\"elementor-element elementor-element-5ffdf20 e-flex e-con-boxed e-con e-child\" data-id=\"5ffdf20\" data-element_type=\"container\" data-settings=\"{&quot;background_background&quot;:&quot;classic&quot;}\">\n\t\t\t\t\t<div class=\"e-con-inner\">\n\t\t\t\t<div class=\"elementor-element elementor-element-6953fb5 elementor-widget elementor-widget-spacer\" data-id=\"6953fb5\" data-element_type=\"widget\" data-widget_type=\"spacer.default\">\n\t\t\t\t<div class=\"elementor-widget-container\">\n\t\t\t\t\t<div class=\"elementor-spacer\">\n\t\t\t<div class=\"elementor-spacer-inner\"><\/div>\n\t\t<\/div>\n\t\t\t\t<\/div>\n\t\t\t\t<\/div>\n\t\t\t\t\t<\/div>\n\t\t\t\t<\/div>\n\t\t<div class=\"elementor-element elementor-element-48ed158 e-flex e-con-boxed e-con e-child\" data-id=\"48ed158\" data-element_type=\"container\">\n\t\t\t\t\t<div class=\"e-con-inner\">\n\t\t\t\t<div class=\"elementor-element elementor-element-3ea1527 elementor-invisible elementor-widget elementor-widget-heading\" data-id=\"3ea1527\" data-element_type=\"widget\" data-settings=\"{&quot;_animation&quot;:&quot;fadeInUp&quot;}\" data-widget_type=\"heading.default\">\n\t\t\t\t<div class=\"elementor-widget-container\">\n\t\t\t<h2 class=\"elementor-heading-title elementor-size-default\">Safir Fue Haartransplantations Service<\/h2>\t\t<\/div>\n\t\t\t\t<\/div>\n\t\t\t\t<div class=\"elementor-element elementor-element-a5cc3d2 elementor-invisible elementor-widget elementor-widget-text-editor\" data-id=\"a5cc3d2\" data-element_type=\"widget\" data-settings=\"{&quot;_animation&quot;:&quot;fadeInUp&quot;}\" data-widget_type=\"text-editor.default\">\n\t\t\t\t<div class=\"elementor-widget-container\">\n\t\t\t\t\t\t\t<p>Sapphire FUE ist eine verbesserte Version der klassischen FUE-Methode. Bei dieser Methode werden Haarfollikel mit speziellen Saphirspitzen entfernt. Saphirspitzen verursachen weniger Gewebesch\u00e4den und beschleunigen den Heilungsprozess. Auf diese Weise werden nat\u00fcrlichere und dichtere Haarlinien erzielt.<\/p><p>Sapphire FUE (Follicular Unit Extraction) ist eine der fortschrittlichsten Techniken im Bereich der Haartransplantation. Als Red Moon Health ist es unser Ziel, unseren Patienten durch den Einsatz dieser innovativen Methode nat\u00fcrliche und dauerhafte Ergebnisse zu bieten.<\/p>\t\t\t\t\t\t<\/div>\n\t\t\t\t<\/div>\n\t\t\t\t\t<\/div>\n\t\t\t\t<\/div>\n\t\t\t\t\t<\/div>\n\t\t\t\t<\/div>\n\t\t\t\t\t<\/div>\n\t\t\t\t<\/div>\n\t\t<div class=\"elementor-element elementor-element-225b9ff4 e-flex e-con-boxed e-con e-parent\" data-id=\"225b9ff4\" data-element_type=\"container\">\n\t\t\t\t\t<div class=\"e-con-inner\">\n\t\t<div class=\"elementor-element elementor-element-41c5d05d e-con-full e-flex e-con e-child\" data-id=\"41c5d05d\" data-element_type=\"container\">\n\t\t\t\t<div class=\"elementor-element elementor-element-12f5fcc7 elementor-invisible elementor-widget elementor-widget-heading\" data-id=\"12f5fcc7\" data-element_type=\"widget\" data-settings=\"{&quot;_animation&quot;:&quot;fadeInUp&quot;}\" data-widget_type=\"heading.default\">\n\t\t\t\t<div class=\"elementor-widget-container\">\n\t\t\t<h6 class=\"elementor-heading-title elementor-size-default\">FAQ<\/h6>\t\t<\/div>\n\t\t\t\t<\/div>\n\t\t\t\t<div class=\"elementor-element elementor-element-4629a38d elementor-invisible elementor-widget elementor-widget-heading\" data-id=\"4629a38d\" data-element_type=\"widget\" data-settings=\"{&quot;_animation&quot;:&quot;fadeInUp&quot;}\" data-widget_type=\"heading.default\">\n\t\t\t\t<div class=\"elementor-widget-container\">\n\t\t\t<h2 class=\"elementor-heading-title elementor-size-default\">H\u00e4ufig gestellte Fragen<\/h2>\t\t<\/div>\n\t\t\t\t<\/div>\n\t\t\t\t<div class=\"elementor-element elementor-element-f0bf3eb elementor-widget-mobile__width-inherit elementor-invisible elementor-widget elementor-widget-text-editor\" data-id=\"f0bf3eb\" data-element_type=\"widget\" data-settings=\"{&quot;_animation&quot;:&quot;fadeInUp&quot;}\" data-widget_type=\"text-editor.default\">\n\t\t\t\t<div class=\"elementor-widget-container\">\n\t\t\t\t\t\t\t<p>Wir haben die am h\u00e4ufigsten gestellten Fragen f\u00fcr Sie beantwortet.<\/p>\t\t\t\t\t\t<\/div>\n\t\t\t\t<\/div>\n\t\t\t\t<div class=\"elementor-element elementor-element-33d5d4a0 elementor-invisible elementor-widget elementor-widget-elementskit-accordion\" data-id=\"33d5d4a0\" data-element_type=\"widget\" data-settings=\"{&quot;_animation&quot;:&quot;fadeInUp&quot;}\" data-widget_type=\"elementskit-accordion.default\">\n\t\t\t\t<div class=\"elementor-widget-container\">\n\t\t\t<div class=\"ekit-wid-con\" >\n        <div class=\"elementskit-accordion accoedion-primary\" id=\"accordion-69f1da7423d12\">\n\n            \n                <div class=\"elementskit-card active\">\n                    <div class=\"elementskit-card-header\" id=\"primaryHeading-0-33d5d4a0\">\n                        <a href=\"#collapse-0e6b41f69f1da7423d12\" class=\"ekit-accordion--toggler elementskit-btn-link collapsed\" data-ekit-toggle=\"collapse\" data-target=\"#Collapse-0e6b41f69f1da7423d12\" aria-expanded=\"true\" aria-controls=\"Collapse-0e6b41f69f1da7423d12\">\n                            \n                            <span class=\"ekit-accordion-title\">Was ist eine Saphir-FUE-Haartransplantation?<\/span>\n\n                            \n                                <div class=\"ekit_accordion_icon_group\">\n                                    <div class=\"ekit_accordion_normal_icon\">\n                                        <!-- Normal Icon -->\n                                        <i aria-hidden=\"true\" class=\"icon-open icon-right icon icon-down-arrow1\"><\/i>                                    <\/div>\n\n                                    <div class=\"ekit_accordion_active_icon\">\n                                        <!-- Active Icon -->\n                                        <i aria-hidden=\"true\" class=\"icon-closed icon-right icon icon-up-arrow1\"><\/i>                                    <\/div>\n\n                                <\/div>\n\n                            \n                                                    <\/a>\n                    <\/div>\n\n                    <div id=\"Collapse-0e6b41f69f1da7423d12\" class=\"show collapse\" aria-labelledby=\"primaryHeading-0-33d5d4a0\" data-parent=\"#accordion-69f1da7423d12\">\n\n                        <div class=\"elementskit-card-body ekit-accordion--content\">\n                            <p>Sapphire FUE ist eine Haartransplantationsmethode mit speziellen Saphirspitzen. Diese Technik bietet weniger Gewebesch\u00e4den und einen schnelleren Heilungsprozess.<\/p>                        <\/div>\n\n                    <\/div>\n\n                <\/div><!-- .elementskit-card END -->\n\n                \n                <div class=\"elementskit-card\">\n                    <div class=\"elementskit-card-header\" id=\"primaryHeading-1-33d5d4a0\">\n                        <a href=\"#collapse-c67283069f1da7423d12\" class=\"ekit-accordion--toggler elementskit-btn-link collapsed\" data-ekit-toggle=\"collapse\" data-target=\"#Collapse-c67283069f1da7423d12\" aria-expanded=\"false\" aria-controls=\"Collapse-c67283069f1da7423d12\">\n                            \n                            <span class=\"ekit-accordion-title\">Wie lange dauert das Sapphire FUE-Verfahren?<\/span>\n\n                            \n                                <div class=\"ekit_accordion_icon_group\">\n                                    <div class=\"ekit_accordion_normal_icon\">\n                                        <!-- Normal Icon -->\n                                        <i aria-hidden=\"true\" class=\"icon-open icon-right icon icon-down-arrow1\"><\/i>                                    <\/div>\n\n                                    <div class=\"ekit_accordion_active_icon\">\n                                        <!-- Active Icon -->\n                                        <i aria-hidden=\"true\" class=\"icon-closed icon-right icon icon-up-arrow1\"><\/i>                                    <\/div>\n\n                                <\/div>\n\n                            \n                                                    <\/a>\n                    <\/div>\n\n                    <div id=\"Collapse-c67283069f1da7423d12\" class=\"collapse\" aria-labelledby=\"primaryHeading-1-33d5d4a0\" data-parent=\"#accordion-69f1da7423d12\">\n\n                        <div class=\"elementskit-card-body ekit-accordion--content\">\n                            <p>Die Bearbeitungszeit variiert in der Regel zwischen 6 und 8 Stunden. Diese Zeit h\u00e4ngt von der Anzahl der zu transplantierenden Haarfollikel und dem Zustand der Person ab.<\/p>                        <\/div>\n\n                    <\/div>\n\n                <\/div><!-- .elementskit-card END -->\n\n                \n                <div class=\"elementskit-card\">\n                    <div class=\"elementskit-card-header\" id=\"primaryHeading-2-33d5d4a0\">\n                        <a href=\"#collapse-6aafcf169f1da7423d12\" class=\"ekit-accordion--toggler elementskit-btn-link collapsed\" data-ekit-toggle=\"collapse\" data-target=\"#Collapse-6aafcf169f1da7423d12\" aria-expanded=\"false\" aria-controls=\"Collapse-6aafcf169f1da7423d12\">\n                            \n                            <span class=\"ekit-accordion-title\">Wie ist der Genesungsprozess nach der Sapphire FUE?<\/span>\n\n                            \n                                <div class=\"ekit_accordion_icon_group\">\n                                    <div class=\"ekit_accordion_normal_icon\">\n                                        <!-- Normal Icon -->\n                                        <i aria-hidden=\"true\" class=\"icon-open icon-right icon icon-down-arrow1\"><\/i>                                    <\/div>\n\n                                    <div class=\"ekit_accordion_active_icon\">\n                                        <!-- Active Icon -->\n                                        <i aria-hidden=\"true\" class=\"icon-closed icon-right icon icon-up-arrow1\"><\/i>                                    <\/div>\n\n                                <\/div>\n\n                            \n                                                    <\/a>\n                    <\/div>\n\n                    <div id=\"Collapse-6aafcf169f1da7423d12\" class=\"collapse\" aria-labelledby=\"primaryHeading-2-33d5d4a0\" data-parent=\"#accordion-69f1da7423d12\">\n\n                        <div class=\"elementskit-card-body ekit-accordion--content\">\n                            <p>Die erste Besserung tritt normalerweise innerhalb von 7\u201310 Tagen ein. Die vollst\u00e4ndigen Ergebnisse treten jedoch innerhalb von 6\u201312 Monaten auf. Es ist wichtig, die Pflegehinweise zu beachten.<\/p>                        <\/div>\n\n                    <\/div>\n\n                <\/div><!-- .elementskit-card END -->\n\n                \n                <div class=\"elementskit-card\">\n                    <div class=\"elementskit-card-header\" id=\"primaryHeading-3-33d5d4a0\">\n                        <a href=\"#collapse-53b2d6869f1da7423d12\" class=\"ekit-accordion--toggler elementskit-btn-link collapsed\" data-ekit-toggle=\"collapse\" data-target=\"#Collapse-53b2d6869f1da7423d12\" aria-expanded=\"false\" aria-controls=\"Collapse-53b2d6869f1da7423d12\">\n                            \n                            <span class=\"ekit-accordion-title\">Ist das Sapphire FUE-Verfahren schmerzhaft?<\/span>\n\n                            \n                                <div class=\"ekit_accordion_icon_group\">\n                                    <div class=\"ekit_accordion_normal_icon\">\n                                        <!-- Normal Icon -->\n                                        <i aria-hidden=\"true\" class=\"icon-open icon-right icon icon-down-arrow1\"><\/i>                                    <\/div>\n\n                                    <div class=\"ekit_accordion_active_icon\">\n                                        <!-- Active Icon -->\n                                        <i aria-hidden=\"true\" class=\"icon-closed icon-right icon icon-up-arrow1\"><\/i>                                    <\/div>\n\n                                <\/div>\n\n                            \n                                                    <\/a>\n                    <\/div>\n\n                    <div id=\"Collapse-53b2d6869f1da7423d12\" class=\"collapse\" aria-labelledby=\"primaryHeading-3-33d5d4a0\" data-parent=\"#accordion-69f1da7423d12\">\n\n                        <div class=\"elementskit-card-body ekit-accordion--content\">\n                            <p>W\u00e4hrend des Eingriffs wird eine \u00f6rtliche Bet\u00e4ubung angewendet, sodass das Schmerzempfinden minimal ist. Nach dem Eingriff kann es zu leichten Beschwerden kommen.<\/p>                        <\/div>\n\n                    <\/div>\n\n                <\/div><!-- .elementskit-card END -->\n\n                \n                <div class=\"elementskit-card\">\n                    <div class=\"elementskit-card-header\" id=\"primaryHeading-4-33d5d4a0\">\n                        <a href=\"#collapse-c7f579f69f1da7423d12\" class=\"ekit-accordion--toggler elementskit-btn-link collapsed\" data-ekit-toggle=\"collapse\" data-target=\"#Collapse-c7f579f69f1da7423d12\" aria-expanded=\"false\" aria-controls=\"Collapse-c7f579f69f1da7423d12\">\n                            \n                            <span class=\"ekit-accordion-title\">Wann kann ich nach einer Haartransplantation zum normalen Leben zur\u00fcckkehren?<\/span>\n\n                            \n                                <div class=\"ekit_accordion_icon_group\">\n                                    <div class=\"ekit_accordion_normal_icon\">\n                                        <!-- Normal Icon -->\n                                        <i aria-hidden=\"true\" class=\"icon-open icon-right icon icon-down-arrow1\"><\/i>                                    <\/div>\n\n                                    <div class=\"ekit_accordion_active_icon\">\n                                        <!-- Active Icon -->\n                                        <i aria-hidden=\"true\" class=\"icon-closed icon-right icon icon-up-arrow1\"><\/i>                                    <\/div>\n\n                                <\/div>\n\n                            \n                                                    <\/a>\n                    <\/div>\n\n                    <div id=\"Collapse-c7f579f69f1da7423d12\" class=\"collapse\" aria-labelledby=\"primaryHeading-4-33d5d4a0\" data-parent=\"#accordion-69f1da7423d12\">\n\n                        <div class=\"elementskit-card-body ekit-accordion--content\">\n                            <p>Die meisten Patienten k\u00f6nnen einige Tage nach dem Eingriff wieder ihren t\u00e4glichen Aktivit\u00e4ten nachgehen. Generell wird jedoch empfohlen, mit Sport und schweren Aktivit\u00e4ten 2-3 Wochen zu warten.<\/p>                        <\/div>\n\n                    <\/div>\n\n                <\/div><!-- .elementskit-card END -->\n\n                                        <\/div>\n    <\/div>\t\t<\/div>\n\t\t\t\t<\/div>\n\t\t\t\t<\/div>\n\t\t<div class=\"elementor-element elementor-element-81f76e0 e-con-full e-flex e-con e-child\" data-id=\"81f76e0\" data-element_type=\"container\">\n\t\t\t\t<div class=\"elementor-element elementor-element-549db447 elementor-widget-tablet__width-initial elementor-widget-mobile__width-inherit elementor-invisible elementor-widget elementor-widget-image\" data-id=\"549db447\" data-element_type=\"widget\" data-settings=\"{&quot;_animation&quot;:&quot;fadeInUp&quot;}\" data-widget_type=\"image.default\">\n\t\t\t\t<div class=\"elementor-widget-container\">\n\t\t\t\t\t\t\t\t\t\t\t\t\t<img fetchpriority=\"high\" decoding=\"async\" width=\"2560\" height=\"1619\" src=\"https:\/\/www.redmoonhealth.com\/wp-content\/uploads\/2024\/09\/blog-gorseli-3-min-scaled-1.jpg\" class=\"attachment-full size-full wp-image-212\" alt=\"\" srcset=\"https:\/\/www.redmoonhealth.com\/wp-content\/uploads\/2024\/09\/blog-gorseli-3-min-scaled-1.jpg 2560w, https:\/\/www.redmoonhealth.com\/wp-content\/uploads\/2024\/09\/blog-gorseli-3-min-scaled-1-300x190.jpg 300w, https:\/\/www.redmoonhealth.com\/wp-content\/uploads\/2024\/09\/blog-gorseli-3-min-scaled-1-1024x648.jpg 1024w, https:\/\/www.redmoonhealth.com\/wp-content\/uploads\/2024\/09\/blog-gorseli-3-min-scaled-1-768x486.jpg 768w, https:\/\/www.redmoonhealth.com\/wp-content\/uploads\/2024\/09\/blog-gorseli-3-min-scaled-1-1536x971.jpg 1536w, https:\/\/www.redmoonhealth.com\/wp-content\/uploads\/2024\/09\/blog-gorseli-3-min-scaled-1-2048x1295.jpg 2048w\" sizes=\"(max-width: 2560px) 100vw, 2560px\" title=\"\">\t\t\t\t\t\t\t\t\t\t\t\t\t<\/div>\n\t\t\t\t<\/div>\n\t\t\t\t<div class=\"elementor-element elementor-element-7fa2a815 elementor-widget-tablet__width-initial elementor-widget-mobile__width-inherit elementor-icon-list--layout-traditional elementor-list-item-link-full_width elementor-invisible elementor-widget elementor-widget-icon-list\" data-id=\"7fa2a815\" data-element_type=\"widget\" data-settings=\"{&quot;_animation&quot;:&quot;fadeInUp&quot;}\" data-widget_type=\"icon-list.default\">\n\t\t\t\t<div class=\"elementor-widget-container\">\n\t\t\t\t\t<ul class=\"elementor-icon-list-items\">\n\t\t\t\t\t\t\t<li class=\"elementor-icon-list-item\">\n\t\t\t\t\t\t\t\t\t\t\t<span class=\"elementor-icon-list-icon\">\n\t\t\t\t\t\t\t<svg aria-hidden=\"true\" class=\"e-font-icon-svg e-far-check-circle\" viewbox=\"0 0 512 512\" xmlns=\"http:\/\/www.w3.org\/2000\/svg\"><path d=\"M256 8C119.033 8 8 119.033 8 256s111.033 248 248 248 248-111.033 248-248S392.967 8 256 8zm0 48c110.532 0 200 89.451 200 200 0 110.532-89.451 200-200 200-110.532 0-200-89.451-200-200 0-110.532 89.451-200 200-200m140.204 130.267l-22.536-22.718c-4.667-4.705-12.265-4.736-16.97-.068L215.346 303.697l-59.792-60.277c-4.667-4.705-12.265-4.736-16.97-.069l-22.719 22.536c-4.705 4.667-4.736 12.265-.068 16.971l90.781 91.516c4.667 4.705 12.265 4.736 16.97.068l172.589-171.204c4.704-4.668 4.734-12.266.067-16.971z\"><\/path><\/svg>\t\t\t\t\t\t<\/span>\n\t\t\t\t\t\t\t\t\t\t<span class=\"elementor-icon-list-text\">Schneller Heilungsprozess<\/span>\n\t\t\t\t\t\t\t\t\t<\/li>\n\t\t\t\t\t\t\t\t<li class=\"elementor-icon-list-item\">\n\t\t\t\t\t\t\t\t\t\t\t<span class=\"elementor-icon-list-icon\">\n\t\t\t\t\t\t\t<svg aria-hidden=\"true\" class=\"e-font-icon-svg e-far-check-circle\" viewbox=\"0 0 512 512\" xmlns=\"http:\/\/www.w3.org\/2000\/svg\"><path d=\"M256 8C119.033 8 8 119.033 8 256s111.033 248 248 248 248-111.033 248-248S392.967 8 256 8zm0 48c110.532 0 200 89.451 200 200 0 110.532-89.451 200-200 200-110.532 0-200-89.451-200-200 0-110.532 89.451-200 200-200m140.204 130.267l-22.536-22.718c-4.667-4.705-12.265-4.736-16.97-.068L215.346 303.697l-59.792-60.277c-4.667-4.705-12.265-4.736-16.97-.069l-22.719 22.536c-4.705 4.667-4.736 12.265-.068 16.971l90.781 91.516c4.667 4.705 12.265 4.736 16.97.068l172.589-171.204c4.704-4.668 4.734-12.266.067-16.971z\"><\/path><\/svg>\t\t\t\t\t\t<\/span>\n\t\t\t\t\t\t\t\t\t\t<span class=\"elementor-icon-list-text\">Nat\u00fcrlicher Look<\/span>\n\t\t\t\t\t\t\t\t\t<\/li>\n\t\t\t\t\t\t\t\t<li class=\"elementor-icon-list-item\">\n\t\t\t\t\t\t\t\t\t\t\t<span class=\"elementor-icon-list-icon\">\n\t\t\t\t\t\t\t<svg aria-hidden=\"true\" class=\"e-font-icon-svg e-far-check-circle\" viewbox=\"0 0 512 512\" xmlns=\"http:\/\/www.w3.org\/2000\/svg\"><path d=\"M256 8C119.033 8 8 119.033 8 256s111.033 248 248 248 248-111.033 248-248S392.967 8 256 8zm0 48c110.532 0 200 89.451 200 200 0 110.532-89.451 200-200 200-110.532 0-200-89.451-200-200 0-110.532 89.451-200 200-200m140.204 130.267l-22.536-22.718c-4.667-4.705-12.265-4.736-16.97-.068L215.346 303.697l-59.792-60.277c-4.667-4.705-12.265-4.736-16.97-.069l-22.719 22.536c-4.705 4.667-4.736 12.265-.068 16.971l90.781 91.516c4.667 4.705 12.265 4.736 16.97.068l172.589-171.204c4.704-4.668 4.734-12.266.067-16.971z\"><\/path><\/svg>\t\t\t\t\t\t<\/span>\n\t\t\t\t\t\t\t\t\t\t<span class=\"elementor-icon-list-text\">Weniger Schmerzen<\/span>\n\t\t\t\t\t\t\t\t\t<\/li>\n\t\t\t\t\t\t\t\t<li class=\"elementor-icon-list-item\">\n\t\t\t\t\t\t\t\t\t\t\t<span class=\"elementor-icon-list-icon\">\n\t\t\t\t\t\t\t<svg aria-hidden=\"true\" class=\"e-font-icon-svg e-far-check-circle\" viewbox=\"0 0 512 512\" xmlns=\"http:\/\/www.w3.org\/2000\/svg\"><path d=\"M256 8C119.033 8 8 119.033 8 256s111.033 248 248 248 248-111.033 248-248S392.967 8 256 8zm0 48c110.532 0 200 89.451 200 200 0 110.532-89.451 200-200 200-110.532 0-200-89.451-200-200 0-110.532 89.451-200 200-200m140.204 130.267l-22.536-22.718c-4.667-4.705-12.265-4.736-16.97-.068L215.346 303.697l-59.792-60.277c-4.667-4.705-12.265-4.736-16.97-.069l-22.719 22.536c-4.705 4.667-4.736 12.265-.068 16.971l90.781 91.516c4.667 4.705 12.265 4.736 16.97.068l172.589-171.204c4.704-4.668 4.734-12.266.067-16.971z\"><\/path><\/svg>\t\t\t\t\t\t<\/span>\n\t\t\t\t\t\t\t\t\t\t<span class=\"elementor-icon-list-text\">Minimale Gewebesch\u00e4digung<\/span>\n\t\t\t\t\t\t\t\t\t<\/li>\n\t\t\t\t\t\t\t\t<li class=\"elementor-icon-list-item\">\n\t\t\t\t\t\t\t\t\t\t\t<span class=\"elementor-icon-list-icon\">\n\t\t\t\t\t\t\t<svg aria-hidden=\"true\" class=\"e-font-icon-svg e-far-check-circle\" viewbox=\"0 0 512 512\" xmlns=\"http:\/\/www.w3.org\/2000\/svg\"><path d=\"M256 8C119.033 8 8 119.033 8 256s111.033 248 248 248 248-111.033 248-248S392.967 8 256 8zm0 48c110.532 0 200 89.451 200 200 0 110.532-89.451 200-200 200-110.532 0-200-89.451-200-200 0-110.532 89.451-200 200-200m140.204 130.267l-22.536-22.718c-4.667-4.705-12.265-4.736-16.97-.068L215.346 303.697l-59.792-60.277c-4.667-4.705-12.265-4.736-16.97-.069l-22.719 22.536c-4.705 4.667-4.736 12.265-.068 16.971l90.781 91.516c4.667 4.705 12.265 4.736 16.97.068l172.589-171.204c4.704-4.668 4.734-12.266.067-16.971z\"><\/path><\/svg>\t\t\t\t\t\t<\/span>\n\t\t\t\t\t\t\t\t\t\t<span class=\"elementor-icon-list-text\">Langfristige Persistenz<\/span>\n\t\t\t\t\t\t\t\t\t<\/li>\n\t\t\t\t\t\t<\/ul>\n\t\t\t\t<\/div>\n\t\t\t\t<\/div>\n\t\t\t\t<\/div>\n\t\t\t\t\t<\/div>\n\t\t\t\t<\/div>\n\t\t\t\t<\/div>","protected":false},"excerpt":{"rendered":"<p>Safir Fue Sa\u00e7 Ekimi Red Moon Health, deneyimli uzman kadrosu ve modern ekipmanlar\u0131yla Safir FUE sa\u00e7 ekiminde en y\u00fcksek standartlar\u0131 sunmaktad\u0131r. Safir Fue Sa\u00e7 Ekimi Hizmeti Safir FUE, klasik FUE y\u00f6nteminin geli\u015ftirilmi\u015f bir versiyonudur. Bu y\u00f6ntemde, \u00f6zel safir u\u00e7lar kullan\u0131larak sa\u00e7 folik\u00fclleri al\u0131n\u0131r. Safir u\u00e7lar, daha az doku hasar\u0131 yarat\u0131r ve iyile\u015fme s\u00fcrecini h\u0131zland\u0131r\u0131r. Bu [&hellip;]<\/p>","protected":false},"author":1,"featured_media":0,"parent":0,"menu_order":0,"comment_status":"closed","ping_status":"closed","template":"","meta":{"footnotes":""},"class_list":["post-1238","page","type-page","status-publish","hentry"],"_links":{"self":[{"href":"https:\/\/www.redmoonhealth.com\/de\/wp-json\/wp\/v2\/pages\/1238","targetHints":{"allow":["GET"]}}],"collection":[{"href":"https:\/\/www.redmoonhealth.com\/de\/wp-json\/wp\/v2\/pages"}],"about":[{"href":"https:\/\/www.redmoonhealth.com\/de\/wp-json\/wp\/v2\/types\/page"}],"author":[{"embeddable":true,"href":"https:\/\/www.redmoonhealth.com\/de\/wp-json\/wp\/v2\/users\/1"}],"replies":[{"embeddable":true,"href":"https:\/\/www.redmoonhealth.com\/de\/wp-json\/wp\/v2\/comments?post=1238"}],"version-history":[{"count":27,"href":"https:\/\/www.redmoonhealth.com\/de\/wp-json\/wp\/v2\/pages\/1238\/revisions"}],"predecessor-version":[{"id":1778,"href":"https:\/\/www.redmoonhealth.com\/de\/wp-json\/wp\/v2\/pages\/1238\/revisions\/1778"}],"wp:attachment":[{"href":"https:\/\/www.redmoonhealth.com\/de\/wp-json\/wp\/v2\/media?parent=1238"}],"curies":[{"name":"wp","href":"https:\/\/api.w.org\/{rel}","templated":true}]}}