{"id":1052,"date":"2024-09-24T05:55:19","date_gmt":"2024-09-24T05:55:19","guid":{"rendered":"https:\/\/www.redmoonhealth.com\/?page_id=1052"},"modified":"2024-10-24T11:28:30","modified_gmt":"2024-10-24T11:28:30","slug":"turkiyede-saglik-turizmi","status":"publish","type":"page","link":"https:\/\/www.redmoonhealth.com\/de\/gesundheitstourismus-in-der-turkei\/","title":{"rendered":"T\u00fcrkiye&#8217;de Sa\u011fl\u0131k Turizmi"},"content":{"rendered":"<div data-elementor-type=\"wp-page\" data-elementor-id=\"1052\" class=\"elementor elementor-1052\" data-elementor-post-type=\"page\">\n\t\t\t\t<div class=\"elementor-element elementor-element-23ddb4b e-flex e-con-boxed elementor-invisible e-con e-parent\" data-id=\"23ddb4b\" data-element_type=\"container\" data-settings=\"{&quot;background_background&quot;:&quot;classic&quot;,&quot;animation&quot;:&quot;fadeIn&quot;}\">\n\t\t\t\t\t<div class=\"e-con-inner\">\n\t\t<div class=\"elementor-element elementor-element-007bab8 e-con-full e-flex e-con e-child\" data-id=\"007bab8\" data-element_type=\"container\">\n\t\t\t\t<div class=\"elementor-element elementor-element-19963e7 elementor-invisible elementor-widget elementor-widget-heading\" data-id=\"19963e7\" data-element_type=\"widget\" data-settings=\"{&quot;_animation&quot;:&quot;fadeInDown&quot;}\" data-widget_type=\"heading.default\">\n\t\t\t\t<div class=\"elementor-widget-container\">\n\t\t\t<h1 class=\"elementor-heading-title elementor-size-default\">Gesundheitstourismus in der T\u00fcrkei<\/h1>\t\t<\/div>\n\t\t\t\t<\/div>\n\t\t\t\t<div class=\"elementor-element elementor-element-cd3efba elementor-invisible elementor-widget elementor-widget-text-editor\" data-id=\"cd3efba\" data-element_type=\"widget\" data-settings=\"{&quot;_animation&quot;:&quot;fadeInUp&quot;}\" data-widget_type=\"text-editor.default\">\n\t\t\t\t<div class=\"elementor-widget-container\">\n\t\t\t\t\t\t\t<p>T\u00fcrkei hat sich mit seinen modernen Gesundheitsdiensten und spezialisierten Kliniken zu einem weltweit wichtigen Zentrum im Bereich des Gesundheitstourismus entwickelt. Mit seinem reichen kulturellen Erbe, seinen Natursch\u00f6nheiten und Unterkunftsm\u00f6glichkeiten bietet es internationalen Patienten hochwertige Gesundheitsdienstleistungen.<\/p>\t\t\t\t\t\t<\/div>\n\t\t\t\t<\/div>\n\t\t\t\t<\/div>\n\t\t\t\t\t<\/div>\n\t\t\t\t<\/div>\n\t\t<div class=\"elementor-element elementor-element-0bed65e e-flex e-con-boxed e-con e-parent\" data-id=\"0bed65e\" data-element_type=\"container\">\n\t\t\t\t\t<div class=\"e-con-inner\">\n\t\t<div class=\"elementor-element elementor-element-94bb674 e-con-full e-flex e-con e-child\" data-id=\"94bb674\" data-element_type=\"container\">\n\t\t\t\t<div class=\"elementor-element elementor-element-3c396b4 elementor-invisible elementor-widget elementor-widget-heading\" data-id=\"3c396b4\" data-element_type=\"widget\" data-settings=\"{&quot;_animation&quot;:&quot;fadeInUp&quot;}\" data-widget_type=\"heading.default\">\n\t\t\t\t<div class=\"elementor-widget-container\">\n\t\t\t<h6 class=\"elementor-heading-title elementor-size-default\">Kundenleitfaden<\/h6>\t\t<\/div>\n\t\t\t\t<\/div>\n\t\t\t\t<div class=\"elementor-element elementor-element-3bea912 elementor-invisible elementor-widget elementor-widget-heading\" data-id=\"3bea912\" data-element_type=\"widget\" data-settings=\"{&quot;_animation&quot;:&quot;fadeInUp&quot;}\" data-widget_type=\"heading.default\">\n\t\t\t\t<div class=\"elementor-widget-container\">\n\t\t\t<h2 class=\"elementor-heading-title elementor-size-default\">Warum T\u00fcrkei?<\/h2>\t\t<\/div>\n\t\t\t\t<\/div>\n\t\t\t\t<div class=\"elementor-element elementor-element-b14a256 elementor-invisible elementor-widget elementor-widget-image\" data-id=\"b14a256\" data-element_type=\"widget\" data-settings=\"{&quot;_animation&quot;:&quot;fadeInUp&quot;}\" data-widget_type=\"image.default\">\n\t\t\t\t<div class=\"elementor-widget-container\">\n\t\t\t\t\t\t\t\t\t\t\t\t\t<img fetchpriority=\"high\" decoding=\"async\" width=\"1024\" height=\"680\" src=\"https:\/\/www.redmoonhealth.com\/wp-content\/uploads\/2024\/09\/Medical-tourism.jpg\" class=\"attachment-full size-full wp-image-1198\" alt=\"\" srcset=\"https:\/\/www.redmoonhealth.com\/wp-content\/uploads\/2024\/09\/Medical-tourism.jpg 1024w, https:\/\/www.redmoonhealth.com\/wp-content\/uploads\/2024\/09\/Medical-tourism-300x199.jpg 300w, https:\/\/www.redmoonhealth.com\/wp-content\/uploads\/2024\/09\/Medical-tourism-768x510.jpg 768w\" sizes=\"(max-width: 1024px) 100vw, 1024px\" title=\"\">\t\t\t\t\t\t\t\t\t\t\t\t\t<\/div>\n\t\t\t\t<\/div>\n\t\t\t\t<\/div>\n\t\t<div class=\"elementor-element elementor-element-7e0a2de e-con-full e-flex e-con e-child\" data-id=\"7e0a2de\" data-element_type=\"container\">\n\t\t\t\t<div class=\"elementor-element elementor-element-ec0da44 elementor-widget-tablet__width-initial elementor-widget-mobile__width-inherit elementor-invisible elementor-widget elementor-widget-text-editor\" data-id=\"ec0da44\" data-element_type=\"widget\" data-settings=\"{&quot;_animation&quot;:&quot;fadeInUp&quot;}\" data-widget_type=\"text-editor.default\">\n\t\t\t\t<div class=\"elementor-widget-container\">\n\t\t\t\t\t\t\t<p>Bei der Inanspruchnahme von Gesundheitsdienstleistungen in der T\u00fcrkei steht den Patienten eine breite Palette von Optionen zur Verf\u00fcgung, von Luxushotels bis hin zu erschwinglichen Unterkunftsm\u00f6glichkeiten. Es bietet auch die M\u00f6glichkeit, nach der Behandlung touristische Gebiete wie Istanbul, Kappadokien und Pamukkale zu erkunden.<\/p><p>Die T\u00fcrkei macht sowohl mit ihren hochwertigen Dienstleistungen als auch mit ihrer Gastfreundschaft im Bereich des Gesundheitstourismus auf sich aufmerksam. Sie k\u00f6nnen die T\u00fcrkei w\u00e4hlen, um Ihre Gesundheitsprobleme sicher zu l\u00f6sen und einen angenehmen Urlaub zu verbringen. Kontaktieren Sie uns f\u00fcr detaillierte Informationen!<\/p>\t\t\t\t\t\t<\/div>\n\t\t\t\t<\/div>\n\t\t\t\t<div class=\"elementor-element elementor-element-a9b3c67 elementor-widget-tablet__width-initial elementor-widget-mobile__width-inherit elementor-icon-list--layout-traditional elementor-list-item-link-full_width elementor-invisible elementor-widget elementor-widget-icon-list\" data-id=\"a9b3c67\" data-element_type=\"widget\" data-settings=\"{&quot;_animation&quot;:&quot;fadeInUp&quot;}\" data-widget_type=\"icon-list.default\">\n\t\t\t\t<div class=\"elementor-widget-container\">\n\t\t\t\t\t<ul class=\"elementor-icon-list-items\">\n\t\t\t\t\t\t\t<li class=\"elementor-icon-list-item\">\n\t\t\t\t\t\t\t\t\t\t\t<span class=\"elementor-icon-list-icon\">\n\t\t\t\t\t\t\t<svg aria-hidden=\"true\" class=\"e-font-icon-svg e-fas-feather-alt\" viewbox=\"0 0 512 512\" xmlns=\"http:\/\/www.w3.org\/2000\/svg\"><path d=\"M512 0C460.22 3.56 96.44 38.2 71.01 287.61c-3.09 26.66-4.84 53.44-5.99 80.24l178.87-178.69c6.25-6.25 16.4-6.25 22.65 0s6.25 16.38 0 22.63L7.04 471.03c-9.38 9.37-9.38 24.57 0 33.94 9.38 9.37 24.59 9.37 33.98 0l57.13-57.07c42.09-.14 84.15-2.53 125.96-7.36 53.48-5.44 97.02-26.47 132.58-56.54H255.74l146.79-48.88c11.25-14.89 21.37-30.71 30.45-47.12h-81.14l106.54-53.21C500.29 132.86 510.19 26.26 512 0z\"><\/path><\/svg>\t\t\t\t\t\t<\/span>\n\t\t\t\t\t\t\t\t\t\t<span class=\"elementor-icon-list-text\"><b>Hochwertige Gesundheitsdienste:<\/b> Die T\u00fcrkei bietet mit ihren international anerkannten Krankenh\u00e4usern und Fach\u00e4rzten hochwertige Gesundheitsdienstleistungen.<\/span>\n\t\t\t\t\t\t\t\t\t<\/li>\n\t\t\t\t\t\t\t\t<li class=\"elementor-icon-list-item\">\n\t\t\t\t\t\t\t\t\t\t\t<span class=\"elementor-icon-list-icon\">\n\t\t\t\t\t\t\t<svg aria-hidden=\"true\" class=\"e-font-icon-svg e-fas-feather-alt\" viewbox=\"0 0 512 512\" xmlns=\"http:\/\/www.w3.org\/2000\/svg\"><path d=\"M512 0C460.22 3.56 96.44 38.2 71.01 287.61c-3.09 26.66-4.84 53.44-5.99 80.24l178.87-178.69c6.25-6.25 16.4-6.25 22.65 0s6.25 16.38 0 22.63L7.04 471.03c-9.38 9.37-9.38 24.57 0 33.94 9.38 9.37 24.59 9.37 33.98 0l57.13-57.07c42.09-.14 84.15-2.53 125.96-7.36 53.48-5.44 97.02-26.47 132.58-56.54H255.74l146.79-48.88c11.25-14.89 21.37-30.71 30.45-47.12h-81.14l106.54-53.21C500.29 132.86 510.19 26.26 512 0z\"><\/path><\/svg>\t\t\t\t\t\t<\/span>\n\t\t\t\t\t\t\t\t\t\t<span class=\"elementor-icon-list-text\"><b>Verschiedene Branchen: <\/b>In vielen Bereichen wie der plastischen Chirurgie, der Zahnbehandlung, der In-vitro-Fertilisation und der Orthop\u00e4die gibt es fortschrittliche Dienstleistungen.<\/span>\n\t\t\t\t\t\t\t\t\t<\/li>\n\t\t\t\t\t\t\t\t<li class=\"elementor-icon-list-item\">\n\t\t\t\t\t\t\t\t\t\t\t<span class=\"elementor-icon-list-icon\">\n\t\t\t\t\t\t\t<svg aria-hidden=\"true\" class=\"e-font-icon-svg e-fas-feather-alt\" viewbox=\"0 0 512 512\" xmlns=\"http:\/\/www.w3.org\/2000\/svg\"><path d=\"M512 0C460.22 3.56 96.44 38.2 71.01 287.61c-3.09 26.66-4.84 53.44-5.99 80.24l178.87-178.69c6.25-6.25 16.4-6.25 22.65 0s6.25 16.38 0 22.63L7.04 471.03c-9.38 9.37-9.38 24.57 0 33.94 9.38 9.37 24.59 9.37 33.98 0l57.13-57.07c42.09-.14 84.15-2.53 125.96-7.36 53.48-5.44 97.02-26.47 132.58-56.54H255.74l146.79-48.88c11.25-14.89 21.37-30.71 30.45-47.12h-81.14l106.54-53.21C500.29 132.86 510.19 26.26 512 0z\"><\/path><\/svg>\t\t\t\t\t\t<\/span>\n\t\t\t\t\t\t\t\t\t\t<span class=\"elementor-icon-list-text\"><b>Wettbewerbsf\u00e4hige Preise:<\/b> Im Vergleich zu Europa und den USA werden hohe Standards an Gesundheitsdienstleistungen zu g\u00fcnstigeren Preisen angeboten.<\/span>\n\t\t\t\t\t\t\t\t\t<\/li>\n\t\t\t\t\t\t\t\t<li class=\"elementor-icon-list-item\">\n\t\t\t\t\t\t\t\t\t\t\t<span class=\"elementor-icon-list-icon\">\n\t\t\t\t\t\t\t<svg aria-hidden=\"true\" class=\"e-font-icon-svg e-fas-feather-alt\" viewbox=\"0 0 512 512\" xmlns=\"http:\/\/www.w3.org\/2000\/svg\"><path d=\"M512 0C460.22 3.56 96.44 38.2 71.01 287.61c-3.09 26.66-4.84 53.44-5.99 80.24l178.87-178.69c6.25-6.25 16.4-6.25 22.65 0s6.25 16.38 0 22.63L7.04 471.03c-9.38 9.37-9.38 24.57 0 33.94 9.38 9.37 24.59 9.37 33.98 0l57.13-57.07c42.09-.14 84.15-2.53 125.96-7.36 53.48-5.44 97.02-26.47 132.58-56.54H255.74l146.79-48.88c11.25-14.89 21.37-30.71 30.45-47.12h-81.14l106.54-53.21C500.29 132.86 510.19 26.26 512 0z\"><\/path><\/svg>\t\t\t\t\t\t<\/span>\n\t\t\t\t\t\t\t\t\t\t<span class=\"elementor-icon-list-text\"><b>Einfacher Zugang: <\/b>Der Transport in die T\u00fcrkei ist dank gut ausgebauter Transportnetze und Visaerleichterungen recht einfach.<\/span>\n\t\t\t\t\t\t\t\t\t<\/li>\n\t\t\t\t\t\t<\/ul>\n\t\t\t\t<\/div>\n\t\t\t\t<\/div>\n\t\t\t\t<\/div>\n\t\t\t\t\t<\/div>\n\t\t\t\t<\/div>\n\t\t\t\t<\/div>","protected":false},"excerpt":{"rendered":"<p>T\u00fcrkiye&#8217;de Sa\u011fl\u0131k Turizmi T\u00fcrkiye, modern sa\u011fl\u0131k hizmetleri ve uzmanla\u015fm\u0131\u015f klinikleriyle sa\u011fl\u0131k turizmi alan\u0131nda d\u00fcnya genelinde \u00f6nemli bir merkez haline gelmi\u015ftir. Zengin k\u00fclt\u00fcrel miras\u0131, do\u011fal g\u00fczellikleri ve konaklama olanaklar\u0131yla birlikte, uluslararas\u0131 hastalara kaliteli sa\u011fl\u0131k hizmetleri sunmaktad\u0131r. Dan\u0131\u015fan Rehberi Neden T\u00fcrkiye? T\u00fcrkiye\u2019de sa\u011fl\u0131k hizmeti al\u0131rken, hastalar i\u00e7in l\u00fcks otellerden uygun fiyatl\u0131 konaklama se\u00e7eneklerine kadar geni\u015f bir yelpaze [&hellip;]<\/p>","protected":false},"author":1,"featured_media":0,"parent":0,"menu_order":0,"comment_status":"closed","ping_status":"closed","template":"","meta":{"footnotes":""},"class_list":["post-1052","page","type-page","status-publish","hentry"],"_links":{"self":[{"href":"https:\/\/www.redmoonhealth.com\/de\/wp-json\/wp\/v2\/pages\/1052","targetHints":{"allow":["GET"]}}],"collection":[{"href":"https:\/\/www.redmoonhealth.com\/de\/wp-json\/wp\/v2\/pages"}],"about":[{"href":"https:\/\/www.redmoonhealth.com\/de\/wp-json\/wp\/v2\/types\/page"}],"author":[{"embeddable":true,"href":"https:\/\/www.redmoonhealth.com\/de\/wp-json\/wp\/v2\/users\/1"}],"replies":[{"embeddable":true,"href":"https:\/\/www.redmoonhealth.com\/de\/wp-json\/wp\/v2\/comments?post=1052"}],"version-history":[{"count":15,"href":"https:\/\/www.redmoonhealth.com\/de\/wp-json\/wp\/v2\/pages\/1052\/revisions"}],"predecessor-version":[{"id":1647,"href":"https:\/\/www.redmoonhealth.com\/de\/wp-json\/wp\/v2\/pages\/1052\/revisions\/1647"}],"wp:attachment":[{"href":"https:\/\/www.redmoonhealth.com\/de\/wp-json\/wp\/v2\/media?parent=1052"}],"curies":[{"name":"wp","href":"https:\/\/api.w.org\/{rel}","templated":true}]}}